{"id":13,"date":"2019-10-14T15:32:26","date_gmt":"2019-10-14T15:32:26","guid":{"rendered":"https:\/\/www.rexumea.com\/?page_id=13"},"modified":"2026-02-19T20:58:58","modified_gmt":"2026-02-19T19:58:58","slug":"hem","status":"publish","type":"page","link":"https:\/\/www.rexumea.com\/en\/","title":{"rendered":"Home"},"content":{"rendered":"<div data-elementor-type=\"wp-page\" data-elementor-id=\"13\" class=\"elementor elementor-13\">\n\t\t\t\t\t\t<section class=\"elementor-section elementor-top-section elementor-element elementor-element-91e4db3 elementor-section-height-min-height elementor-section-content-space-around elementor-section-items-bottom elementor-section-boxed elementor-section-height-default\" data-id=\"91e4db3\" data-element_type=\"section\" data-settings=\"{&quot;background_background&quot;:&quot;classic&quot;}\">\n\t\t\t\t\t\t\t<div class=\"elementor-background-overlay\"><\/div>\n\t\t\t\t\t\t\t<div class=\"elementor-container elementor-column-gap-no\">\n\t\t\t\t\t<div class=\"make-column-clickable-elementor elementor-column elementor-col-100 elementor-top-column elementor-element elementor-element-1206a7b\" style=\"cursor: pointer;\" data-column-clickable=\"#https:\/\/cloud.caspeco.se\/public\/webBooking?system=se_rexume&amp;unitId=13\" data-column-clickable-blank=\"_self\" data-id=\"1206a7b\" data-element_type=\"column\">\n\t\t\t<div class=\"elementor-widget-wrap elementor-element-populated\">\n\t\t\t\t\t\t<section class=\"elementor-section elementor-inner-section elementor-element elementor-element-a12e1b4 elementor-section-boxed elementor-section-height-default elementor-section-height-default\" data-id=\"a12e1b4\" data-element_type=\"section\">\n\t\t\t\t\t\t<div class=\"elementor-container elementor-column-gap-default\">\n\t\t\t\t\t<div class=\"elementor-column elementor-col-100 elementor-inner-column elementor-element elementor-element-e15509a\" data-id=\"e15509a\" data-element_type=\"column\">\n\t\t\t<div class=\"elementor-widget-wrap\">\n\t\t\t\t\t\t\t<\/div>\n\t\t<\/div>\n\t\t\t\t\t<\/div>\n\t\t<\/section>\n\t\t\t\t\t<\/div>\n\t\t<\/div>\n\t\t\t\t\t<\/div>\n\t\t<\/section>\n\t\t\t\t<section class=\"elementor-section elementor-top-section elementor-element elementor-element-f654fda elementor-section-boxed elementor-section-height-default elementor-section-height-default\" data-id=\"f654fda\" data-element_type=\"section\" data-settings=\"{&quot;background_background&quot;:&quot;classic&quot;}\">\n\t\t\t\t\t\t<div class=\"elementor-container elementor-column-gap-default\">\n\t\t\t\t\t<div class=\"elementor-column elementor-col-100 elementor-top-column elementor-element elementor-element-54cdb93\" data-id=\"54cdb93\" data-element_type=\"column\">\n\t\t\t<div class=\"elementor-widget-wrap elementor-element-populated\">\n\t\t\t\t\t\t<div class=\"elementor-element elementor-element-b36bc22 elementor-widget elementor-widget-heading\" data-id=\"b36bc22\" data-element_type=\"widget\" data-widget_type=\"heading.default\">\n\t\t\t\t<div class=\"elementor-widget-container\">\n\t\t\t<h1 class=\"elementor-heading-title elementor-size-default\">WELCOME TO REX <\/h1>\t\t<\/div>\n\t\t\t\t<\/div>\n\t\t\t\t<div class=\"elementor-element elementor-element-04ade5c elementor-widget elementor-widget-text-editor\" data-id=\"04ade5c\" data-element_type=\"widget\" data-widget_type=\"text-editor.default\">\n\t\t\t\t<div class=\"elementor-widget-container\">\n\t\t\t\t\t\t\t<p>Rex has been housed in the historic premises of City Hall since 1996 and is a beloved institution in Ume\u00e5. The building now houses several different restaurant operations with their own concepts and menus. Take a seat in our French brasserie Rex Brasserie, in our craft beer pub<br \/>The City Hall Cellar with its street food-inspired menu or in our cocktail bar Juliette with its jazzy 20th-century atmosphere. Stop by in the wee hours and experience the transformation of the town hall into Ume\u00e5's largest entertainment palace with a nightclub on 3 floors.<\/p>\t\t\t\t\t\t<\/div>\n\t\t\t\t<\/div>\n\t\t\t\t\t<\/div>\n\t\t<\/div>\n\t\t\t\t\t<\/div>\n\t\t<\/section>\n\t\t\t\t<section class=\"elementor-section elementor-top-section elementor-element elementor-element-6f6848e elementor-section-boxed elementor-section-height-default elementor-section-height-default\" data-id=\"6f6848e\" data-element_type=\"section\" data-settings=\"{&quot;background_background&quot;:&quot;classic&quot;}\">\n\t\t\t\t\t\t<div class=\"elementor-container elementor-column-gap-default\">\n\t\t\t\t\t<div class=\"elementor-column elementor-col-33 elementor-top-column elementor-element elementor-element-549fa12\" data-id=\"549fa12\" data-element_type=\"column\">\n\t\t\t<div class=\"elementor-widget-wrap elementor-element-populated\">\n\t\t\t\t\t\t<div class=\"elementor-element elementor-element-72fee43 animated-fast elementor-widget elementor-widget-image\" data-id=\"72fee43\" data-element_type=\"widget\" data-settings=\"{&quot;_animation&quot;:&quot;none&quot;}\" data-widget_type=\"image.default\">\n\t\t\t\t<div class=\"elementor-widget-container\">\n\t\t\t\t\t\t\t\t\t\t\t\t\t\t<a href=\"https:\/\/www.rexumea.com\/en\/rex-brasserie\/\">\n\t\t\t\t\t\t\t<img decoding=\"async\" src=\"https:\/\/www.rexumea.com\/wp-content\/uploads\/elementor\/thumbs\/brasserie_hemsida-om4l6vobi0ym64y60b21dfh6s2l0jtg4ozv2oyffb8.jpg\" title=\"brasserie_home_page\" alt=\"brasserie_hemsida\" loading=\"lazy\" \/>\t\t\t\t\t\t\t\t<\/a>\n\t\t\t\t\t\t\t\t\t\t\t\t\t<\/div>\n\t\t\t\t<\/div>\n\t\t\t\t\t<\/div>\n\t\t<\/div>\n\t\t\t\t<div class=\"elementor-column elementor-col-33 elementor-top-column elementor-element elementor-element-6897f26\" data-id=\"6897f26\" data-element_type=\"column\">\n\t\t\t<div class=\"elementor-widget-wrap elementor-element-populated\">\n\t\t\t\t\t\t<div class=\"elementor-element elementor-element-4d860a9 elementor-widget elementor-widget-image\" data-id=\"4d860a9\" data-element_type=\"widget\" data-settings=\"{&quot;_animation&quot;:&quot;none&quot;}\" data-widget_type=\"image.default\">\n\t\t\t\t<div class=\"elementor-widget-container\">\n\t\t\t\t\t\t\t\t\t\t\t\t\t\t<a href=\"https:\/\/www.rexumea.com\/en\/juliette\/\">\n\t\t\t\t\t\t\t<img decoding=\"async\" src=\"https:\/\/www.rexumea.com\/wp-content\/uploads\/elementor\/thumbs\/juliette-hemsida-om4l90r32fw4m5u7i8dg1w0zho142zy4blcw1n9550.jpg\" title=\"juliette website\" alt=\"juliette-hemsida\" loading=\"lazy\" \/>\t\t\t\t\t\t\t\t<\/a>\n\t\t\t\t\t\t\t\t\t\t\t\t\t<\/div>\n\t\t\t\t<\/div>\n\t\t\t\t\t<\/div>\n\t\t<\/div>\n\t\t\t\t<div class=\"elementor-column elementor-col-33 elementor-top-column elementor-element elementor-element-dda511b\" data-id=\"dda511b\" data-element_type=\"column\">\n\t\t\t<div class=\"elementor-widget-wrap elementor-element-populated\">\n\t\t\t\t\t\t<div class=\"elementor-element elementor-element-3d4f7a6 elementor-widget elementor-widget-image\" data-id=\"3d4f7a6\" data-element_type=\"widget\" data-settings=\"{&quot;_animation&quot;:&quot;none&quot;}\" data-widget_type=\"image.default\">\n\t\t\t\t<div class=\"elementor-widget-container\">\n\t\t\t\t\t\t\t\t\t\t\t\t\t\t<a href=\"https:\/\/www.rexumea.com\/en\/radhuskallaren\/\">\n\t\t\t\t\t\t\t<img decoding=\"async\" src=\"https:\/\/www.rexumea.com\/wp-content\/uploads\/elementor\/thumbs\/raduskallaren_hemsida-om4lbaj1l102o8jf8ppzkte366u1onyrmu44spvw3o.jpg\" title=\"raduskallaren_home_page\" alt=\"raduskallaren_hemsida\" loading=\"lazy\" \/>\t\t\t\t\t\t\t\t<\/a>\n\t\t\t\t\t\t\t\t\t\t\t\t\t<\/div>\n\t\t\t\t<\/div>\n\t\t\t\t\t<\/div>\n\t\t<\/div>\n\t\t\t\t\t<\/div>\n\t\t<\/section>\n\t\t\t\t<section class=\"elementor-section elementor-top-section elementor-element elementor-element-5e7b13f elementor-section-stretched elementor-section-boxed elementor-section-height-default elementor-section-height-default\" data-id=\"5e7b13f\" data-element_type=\"section\" data-settings=\"{&quot;stretch_section&quot;:&quot;section-stretched&quot;,&quot;background_background&quot;:&quot;classic&quot;}\">\n\t\t\t\t\t\t<div class=\"elementor-container elementor-column-gap-wider\">\n\t\t\t\t\t<div class=\"elementor-column elementor-col-33 elementor-top-column elementor-element elementor-element-acb039d\" data-id=\"acb039d\" data-element_type=\"column\">\n\t\t\t<div class=\"elementor-widget-wrap\">\n\t\t\t\t\t\t\t<\/div>\n\t\t<\/div>\n\t\t\t\t<div class=\"elementor-column elementor-col-33 elementor-top-column elementor-element elementor-element-bed1d81\" data-id=\"bed1d81\" data-element_type=\"column\">\n\t\t\t<div class=\"elementor-widget-wrap elementor-element-populated\">\n\t\t\t\t\t\t<div class=\"elementor-element elementor-element-e6e7fa9 elementor-widget elementor-widget-spacer\" data-id=\"e6e7fa9\" data-element_type=\"widget\" data-widget_type=\"spacer.default\">\n\t\t\t\t<div class=\"elementor-widget-container\">\n\t\t\t\t\t<div class=\"elementor-spacer\">\n\t\t\t<div class=\"elementor-spacer-inner\"><\/div>\n\t\t<\/div>\n\t\t\t\t<\/div>\n\t\t\t\t<\/div>\n\t\t\t\t<div class=\"elementor-element elementor-element-0a7b42c elementor-widget elementor-widget-image\" data-id=\"0a7b42c\" data-element_type=\"widget\" data-widget_type=\"image.default\">\n\t\t\t\t<div class=\"elementor-widget-container\">\n\t\t\t\t\t\t\t\t\t\t\t\t\t<img decoding=\"async\" src=\"https:\/\/www.rexumea.com\/wp-content\/uploads\/elementor\/thumbs\/quiz-aw-rk-rbnhrkn47prtc6s6o4ny48vnbyy4cvz5oyse1b23r2.jpg\" title=\"quiz-aw-rk\" alt=\"quiz-aw-rk\" loading=\"lazy\" \/>\t\t\t\t\t\t\t\t\t\t\t\t\t<\/div>\n\t\t\t\t<\/div>\n\t\t\t\t<div class=\"elementor-element elementor-element-f771606 elementor-widget elementor-widget-heading\" data-id=\"f771606\" data-element_type=\"widget\" data-widget_type=\"heading.default\">\n\t\t\t\t<div class=\"elementor-widget-container\">\n\t\t\t<h5 class=\"elementor-heading-title elementor-size-default\">EVERY WEDNESDAY &amp; FRIDAY<\/h5>\t\t<\/div>\n\t\t\t\t<\/div>\n\t\t\t\t<div class=\"elementor-element elementor-element-58772f5 elementor-widget elementor-widget-heading\" data-id=\"58772f5\" data-element_type=\"widget\" data-widget_type=\"heading.default\">\n\t\t\t\t<div class=\"elementor-widget-container\">\n\t\t\t<h3 class=\"elementor-heading-title elementor-size-default\">QUIZ-AW<\/h3>\t\t<\/div>\n\t\t\t\t<\/div>\n\t\t\t\t<div class=\"elementor-element elementor-element-e229d3b elementor-widget elementor-widget-text-editor\" data-id=\"e229d3b\" data-element_type=\"widget\" data-widget_type=\"text-editor.default\">\n\t\t\t\t<div class=\"elementor-widget-container\">\n\t\t\t\t\t\t\t<p>Wednesday and Friday music quiz in RK is on the schedule as usual \ud83c\udfb5<\/p><p>The quiz starts at 20:00, but the Town Hall Cellar opens for after work at 16:00. The taps are pressurised, the street food is ready to be ordered. Come and enjoy food, drinks and a really lovely Friday feeling in the basement\ud83c\udf7b<\/p><p>After the quiz, we raise the tempo with the rest of the house, open until 2am!<\/p><p>A warm welcome!<\/p>\t\t\t\t\t\t<\/div>\n\t\t\t\t<\/div>\n\t\t\t\t\t<\/div>\n\t\t<\/div>\n\t\t\t\t<div class=\"elementor-column elementor-col-33 elementor-top-column elementor-element elementor-element-eb42c44\" data-id=\"eb42c44\" data-element_type=\"column\">\n\t\t\t<div class=\"elementor-widget-wrap\">\n\t\t\t\t\t\t\t<\/div>\n\t\t<\/div>\n\t\t\t\t\t<\/div>\n\t\t<\/section>\n\t\t\t\t<\/div>","protected":false},"excerpt":{"rendered":"<p>WELCOME TO REX Rex has been housed in the historic premises of City Hall since 1996 and is a beloved institution in Ume\u00e5. The building now houses several different restaurant operations with their own concepts and menus. Sit down in our French brasserie Rex Brasserie, in our craft beer pubR\u00e5dhusk\u00e4llaren with its street food-inspired menu or in our cocktail bar ...<\/p>\n<p class=\"read-more\"> <a class=\"\" href=\"https:\/\/www.rexumea.com\/en\/\"> <span class=\"screen-reader-text\">Home<\/span> Read More \"<\/a><\/p>","protected":false},"author":5,"featured_media":2276,"parent":0,"menu_order":0,"comment_status":"closed","ping_status":"closed","template":"","meta":{"site-sidebar-layout":"no-sidebar","site-content-layout":"page-builder","ast-global-header-display":"","ast-main-header-display":"","ast-hfb-above-header-display":"","ast-hfb-below-header-display":"","ast-hfb-mobile-header-display":"","site-post-title":"disabled","ast-breadcrumbs-content":"","ast-featured-img":"disabled","footer-sml-layout":"","theme-transparent-header-meta":"default","adv-header-id-meta":"","stick-header-meta":"","header-above-stick-meta":"","header-main-stick-meta":"","header-below-stick-meta":"","footnotes":""},"class_list":["post-13","page","type-page","status-publish","has-post-thumbnail","hentry"],"yoast_head":"<!-- This site is optimized with the Yoast SEO plugin v23.3 - https:\/\/yoast.com\/wordpress\/plugins\/seo\/ -->\n<title>R\u00e5dhuset i Ume\u00e5 - Rex<\/title>\n<meta name=\"description\" content=\"Rex Ume\u00e5, Brasserie, pub, caf\u00e9, bistro, cocktailbar, konferens och festsalar.\" \/>\n<meta name=\"robots\" content=\"index, follow, max-snippet:-1, max-image-preview:large, max-video-preview:-1\" \/>\n<link rel=\"canonical\" href=\"https:\/\/www.rexumea.com\/en\/\" \/>\n<meta property=\"og:locale\" content=\"en_GB\" \/>\n<meta property=\"og:type\" content=\"article\" \/>\n<meta property=\"og:title\" content=\"R\u00e5dhuset i Ume\u00e5 - Rex\" \/>\n<meta property=\"og:description\" content=\"Rex Ume\u00e5, Brasserie, pub, caf\u00e9, bistro, cocktailbar, konferens och festsalar.\" \/>\n<meta property=\"og:url\" content=\"https:\/\/www.rexumea.com\/en\/\" \/>\n<meta property=\"og:site_name\" content=\"Rex\" \/>\n<meta property=\"article:modified_time\" content=\"2026-02-19T19:58:58+00:00\" \/>\n<meta property=\"og:image\" content=\"https:\/\/www.rexumea.com\/wp-content\/uploads\/2021\/10\/KALIFFA-12-NOVEMBER-e1635525209591-1024x1024.png\" \/>\n\t<meta property=\"og:image:width\" content=\"1024\" \/>\n\t<meta property=\"og:image:height\" content=\"1024\" \/>\n\t<meta property=\"og:image:type\" content=\"image\/png\" \/>\n<meta name=\"twitter:card\" content=\"summary_large_image\" \/>\n<meta name=\"twitter:label1\" content=\"Estimated reading time\" \/>\n\t<meta name=\"twitter:data1\" content=\"2 minutes\" \/>\n<script type=\"application\/ld+json\" class=\"yoast-schema-graph\">{\"@context\":\"https:\/\/schema.org\",\"@graph\":[{\"@type\":\"WebPage\",\"@id\":\"https:\/\/www.rexumea.com\/\",\"url\":\"https:\/\/www.rexumea.com\/\",\"name\":\"R\u00e5dhuset i Ume\u00e5 - Rex\",\"isPartOf\":{\"@id\":\"https:\/\/www.rexumea.com\/#website\"},\"primaryImageOfPage\":{\"@id\":\"https:\/\/www.rexumea.com\/#primaryimage\"},\"image\":{\"@id\":\"https:\/\/www.rexumea.com\/#primaryimage\"},\"thumbnailUrl\":\"https:\/\/www.rexumea.com\/wp-content\/uploads\/2021\/10\/KALIFFA-12-NOVEMBER-e1635525209591.png\",\"datePublished\":\"2019-10-14T15:32:26+00:00\",\"dateModified\":\"2026-02-19T19:58:58+00:00\",\"description\":\"Rex Ume\u00e5, Brasserie, pub, caf\u00e9, bistro, cocktailbar, konferens och festsalar.\",\"breadcrumb\":{\"@id\":\"https:\/\/www.rexumea.com\/#breadcrumb\"},\"inLanguage\":\"en-GB\",\"potentialAction\":[{\"@type\":\"ReadAction\",\"target\":[\"https:\/\/www.rexumea.com\/\"]}]},{\"@type\":\"ImageObject\",\"inLanguage\":\"en-GB\",\"@id\":\"https:\/\/www.rexumea.com\/#primaryimage\",\"url\":\"https:\/\/www.rexumea.com\/wp-content\/uploads\/2021\/10\/KALIFFA-12-NOVEMBER-e1635525209591.png\",\"contentUrl\":\"https:\/\/www.rexumea.com\/wp-content\/uploads\/2021\/10\/KALIFFA-12-NOVEMBER-e1635525209591.png\",\"width\":4237,\"height\":4237},{\"@type\":\"BreadcrumbList\",\"@id\":\"https:\/\/www.rexumea.com\/#breadcrumb\",\"itemListElement\":[{\"@type\":\"ListItem\",\"position\":1,\"name\":\"Hem\",\"item\":\"https:\/\/www.rexumea.com\/\"},{\"@type\":\"ListItem\",\"position\":2,\"name\":\"Hem\"}]},{\"@type\":\"WebSite\",\"@id\":\"https:\/\/www.rexumea.com\/#website\",\"url\":\"https:\/\/www.rexumea.com\/\",\"name\":\"Rex\",\"description\":\"R\u00e5dhuset i Ume\u00e5\",\"publisher\":{\"@id\":\"https:\/\/www.rexumea.com\/#organization\"},\"potentialAction\":[{\"@type\":\"SearchAction\",\"target\":{\"@type\":\"EntryPoint\",\"urlTemplate\":\"https:\/\/www.rexumea.com\/?s={search_term_string}\"},\"query-input\":\"required name=search_term_string\"}],\"inLanguage\":\"en-GB\"},{\"@type\":\"Organization\",\"@id\":\"https:\/\/www.rexumea.com\/#organization\",\"name\":\"Rex\",\"url\":\"https:\/\/www.rexumea.com\/\",\"logo\":{\"@type\":\"ImageObject\",\"inLanguage\":\"en-GB\",\"@id\":\"https:\/\/www.rexumea.com\/#\/schema\/logo\/image\/\",\"url\":\"https:\/\/www.rexumea.com\/wp-content\/uploads\/2019\/10\/Rex-guld_2015-1.svg\",\"contentUrl\":\"https:\/\/www.rexumea.com\/wp-content\/uploads\/2019\/10\/Rex-guld_2015-1.svg\",\"width\":144.6,\"height\":98.58,\"caption\":\"Rex\"},\"image\":{\"@id\":\"https:\/\/www.rexumea.com\/#\/schema\/logo\/image\/\"}}]}<\/script>\n<!-- \/ Yoast SEO plugin. -->","yoast_head_json":{"title":"R\u00e5dhuset i Ume\u00e5 - Rex","description":"Rex Ume\u00e5, Brasserie, pub, caf\u00e9, bistro, cocktailbar, konferens och festsalar.","robots":{"index":"index","follow":"follow","max-snippet":"max-snippet:-1","max-image-preview":"max-image-preview:large","max-video-preview":"max-video-preview:-1"},"canonical":"https:\/\/www.rexumea.com\/en\/","og_locale":"en_GB","og_type":"article","og_title":"R\u00e5dhuset i Ume\u00e5 - Rex","og_description":"Rex Ume\u00e5, Brasserie, pub, caf\u00e9, bistro, cocktailbar, konferens och festsalar.","og_url":"https:\/\/www.rexumea.com\/en\/","og_site_name":"Rex","article_modified_time":"2026-02-19T19:58:58+00:00","og_image":[{"width":1024,"height":1024,"url":"https:\/\/www.rexumea.com\/wp-content\/uploads\/2021\/10\/KALIFFA-12-NOVEMBER-e1635525209591-1024x1024.png","type":"image\/png"}],"twitter_card":"summary_large_image","twitter_misc":{"Estimated reading time":"2 minutes"},"schema":{"@context":"https:\/\/schema.org","@graph":[{"@type":"WebPage","@id":"https:\/\/www.rexumea.com\/","url":"https:\/\/www.rexumea.com\/","name":"R\u00e5dhuset i Ume\u00e5 - Rex","isPartOf":{"@id":"https:\/\/www.rexumea.com\/#website"},"primaryImageOfPage":{"@id":"https:\/\/www.rexumea.com\/#primaryimage"},"image":{"@id":"https:\/\/www.rexumea.com\/#primaryimage"},"thumbnailUrl":"https:\/\/www.rexumea.com\/wp-content\/uploads\/2021\/10\/KALIFFA-12-NOVEMBER-e1635525209591.png","datePublished":"2019-10-14T15:32:26+00:00","dateModified":"2026-02-19T19:58:58+00:00","description":"Rex Ume\u00e5, Brasserie, pub, caf\u00e9, bistro, cocktailbar, konferens och festsalar.","breadcrumb":{"@id":"https:\/\/www.rexumea.com\/#breadcrumb"},"inLanguage":"en-GB","potentialAction":[{"@type":"ReadAction","target":["https:\/\/www.rexumea.com\/"]}]},{"@type":"ImageObject","inLanguage":"en-GB","@id":"https:\/\/www.rexumea.com\/#primaryimage","url":"https:\/\/www.rexumea.com\/wp-content\/uploads\/2021\/10\/KALIFFA-12-NOVEMBER-e1635525209591.png","contentUrl":"https:\/\/www.rexumea.com\/wp-content\/uploads\/2021\/10\/KALIFFA-12-NOVEMBER-e1635525209591.png","width":4237,"height":4237},{"@type":"BreadcrumbList","@id":"https:\/\/www.rexumea.com\/#breadcrumb","itemListElement":[{"@type":"ListItem","position":1,"name":"Hem","item":"https:\/\/www.rexumea.com\/"},{"@type":"ListItem","position":2,"name":"Hem"}]},{"@type":"WebSite","@id":"https:\/\/www.rexumea.com\/#website","url":"https:\/\/www.rexumea.com\/","name":"Rex","description":"R\u00e5dhuset i Ume\u00e5","publisher":{"@id":"https:\/\/www.rexumea.com\/#organization"},"potentialAction":[{"@type":"SearchAction","target":{"@type":"EntryPoint","urlTemplate":"https:\/\/www.rexumea.com\/?s={search_term_string}"},"query-input":"required name=search_term_string"}],"inLanguage":"en-GB"},{"@type":"Organization","@id":"https:\/\/www.rexumea.com\/#organization","name":"Rex","url":"https:\/\/www.rexumea.com\/","logo":{"@type":"ImageObject","inLanguage":"en-GB","@id":"https:\/\/www.rexumea.com\/#\/schema\/logo\/image\/","url":"https:\/\/www.rexumea.com\/wp-content\/uploads\/2019\/10\/Rex-guld_2015-1.svg","contentUrl":"https:\/\/www.rexumea.com\/wp-content\/uploads\/2019\/10\/Rex-guld_2015-1.svg","width":144.6,"height":98.58,"caption":"Rex"},"image":{"@id":"https:\/\/www.rexumea.com\/#\/schema\/logo\/image\/"}}]}},"_links":{"self":[{"href":"https:\/\/www.rexumea.com\/en\/wp-json\/wp\/v2\/pages\/13"}],"collection":[{"href":"https:\/\/www.rexumea.com\/en\/wp-json\/wp\/v2\/pages"}],"about":[{"href":"https:\/\/www.rexumea.com\/en\/wp-json\/wp\/v2\/types\/page"}],"author":[{"embeddable":true,"href":"https:\/\/www.rexumea.com\/en\/wp-json\/wp\/v2\/users\/5"}],"replies":[{"embeddable":true,"href":"https:\/\/www.rexumea.com\/en\/wp-json\/wp\/v2\/comments?post=13"}],"version-history":[{"count":883,"href":"https:\/\/www.rexumea.com\/en\/wp-json\/wp\/v2\/pages\/13\/revisions"}],"predecessor-version":[{"id":5261,"href":"https:\/\/www.rexumea.com\/en\/wp-json\/wp\/v2\/pages\/13\/revisions\/5261"}],"wp:featuredmedia":[{"embeddable":true,"href":"https:\/\/www.rexumea.com\/en\/wp-json\/wp\/v2\/media\/2276"}],"wp:attachment":[{"href":"https:\/\/www.rexumea.com\/en\/wp-json\/wp\/v2\/media?parent=13"}],"curies":[{"name":"wp","href":"https:\/\/api.w.org\/{rel}","templated":true}]}}