{"id":1730,"date":"2021-03-18T10:13:53","date_gmt":"2021-03-18T09:13:53","guid":{"rendered":"https:\/\/www.rexumea.com\/?page_id=1730"},"modified":"2021-04-21T15:40:10","modified_gmt":"2021-04-21T13:40:10","slug":"valborg","status":"publish","type":"page","link":"https:\/\/www.rexumea.com\/en\/valborg\/","title":{"rendered":"Valborg"},"content":{"rendered":"<div data-elementor-type=\"wp-page\" data-elementor-id=\"1730\" class=\"elementor elementor-1730\">\n\t\t\t\t\t\t<section class=\"elementor-section elementor-top-section elementor-element elementor-element-129dc357 elementor-section-boxed elementor-section-height-default elementor-section-height-default\" data-id=\"129dc357\" data-element_type=\"section\">\n\t\t\t\t\t\t<div class=\"elementor-container elementor-column-gap-default\">\n\t\t\t\t\t<div class=\"elementor-column elementor-col-100 elementor-top-column elementor-element elementor-element-589a154d\" data-id=\"589a154d\" data-element_type=\"column\">\n\t\t\t<div class=\"elementor-widget-wrap elementor-element-populated\">\n\t\t\t\t\t\t<div class=\"elementor-element elementor-element-19deb45b elementor-widget elementor-widget-text-editor\" data-id=\"19deb45b\" data-element_type=\"widget\" data-widget_type=\"text-editor.default\">\n\t\t\t\t<div class=\"elementor-widget-container\">\n\t\t\t\t\t\t\t<h4><strong>GRILL BOX VALBORG<\/strong><\/h4><p>Get out the grill and follow our chef Mikael Segerlund's instructions for a delicious barbecue dinner and celebrate spring and light!<span class=\"Apple-converted-space\">\u00a0<\/span><\/p><div class=\"\"><p class=\"\"><span class=\"\"><b class=\"\">Appetiser:<\/b><\/span><\/p><p class=\"\"><span class=\"\"><b class=\"\">Grilled white asparagus<\/b><\/span><\/p><p class=\"\"><span class=\"\">Yuzu cream, Sandefjord sauce with whitefish roe from Obbola, roasted almonds and bresaola from Norrl\u00e4ndska g\u00e5rddar.\u00a0<\/span><\/p><p class=\"\"><span class=\"\"><b class=\"\">Veg: Seaweed caviar instead of whitefish roe and extra white asparagus for the grill!<\/b><\/span><\/p><p class=\"\"><span class=\"\"><b class=\"\">Hot dish:<\/b><\/span><\/p><p class=\"\"><span class=\"\"><b class=\"\">Swedish Entrec\u00f4te<\/b><\/span><\/p><p class=\"\"><span class=\"\">Green asparagus, truffle butter, potato terrine with V\u00e4sterbotten cheese &amp; port wine sauce<\/span><\/p><p class=\"\"><span class=\"\"><b class=\"\">Veg: Sweet potato terrine with ginger and chilli and extra green asparagus for the grill!<\/b><\/span><\/p><p class=\"\"><span class=\"\"><b class=\"\">Dessert:<\/b><\/span><\/p><p class=\"\"><b class=\"\">Caramel cheesecake<\/b><\/p><p class=\"\"><span class=\"\">Caramel cheesecake with oreo base and salted caramel<\/span><\/p><\/div><div class=\"\">\u00a0<\/div><div class=\"\">Price: 395kr \/ person<\/div><div>\u00a0<\/div><div>Book your box by emailing <a href=\"mailto:bokning@rexumea.com\">bokning@rexumea.com<\/a> or call us on 090-706050<\/div>\t\t\t\t\t\t<\/div>\n\t\t\t\t<\/div>\n\t\t\t\t\t<\/div>\n\t\t<\/div>\n\t\t\t\t\t<\/div>\n\t\t<\/section>\n\t\t\t\t<\/div>","protected":false},"excerpt":{"rendered":"<p>GRILLKASSE VALBORG Get out the grill and follow our chef Mikael Segerlund's instructions for a delicious barbecue dinner and celebrate spring and the light!  Starter: Grilled white asparagus Yuzu cream, Sandefjord sauce with whitefish roe from Obbola, roasted almonds and bresaola from Norrl\u00e4ndska g\u00e5rdar Veg: Seaweed caviar instead of whitefish roe and extra white asparagus for the grill! Main course: Swedish Entrec\u00f4te Green ...<\/p>\n<p class=\"read-more\"> <a class=\"\" href=\"https:\/\/www.rexumea.com\/en\/valborg\/\"> <span class=\"screen-reader-text\">Valborg<\/span> Read More \"<\/a><\/p>","protected":false},"author":4,"featured_media":0,"parent":0,"menu_order":0,"comment_status":"closed","ping_status":"closed","template":"","meta":{"site-sidebar-layout":"default","site-content-layout":"default","ast-global-header-display":"","ast-main-header-display":"","ast-hfb-above-header-display":"","ast-hfb-below-header-display":"","ast-hfb-mobile-header-display":"","site-post-title":"","ast-breadcrumbs-content":"","ast-featured-img":"","footer-sml-layout":"","theme-transparent-header-meta":"default","adv-header-id-meta":"","stick-header-meta":"","header-above-stick-meta":"","header-main-stick-meta":"","header-below-stick-meta":"","footnotes":""},"class_list":["post-1730","page","type-page","status-publish","hentry"],"yoast_head":"<!-- This site is optimized with the Yoast SEO plugin v23.3 - https:\/\/yoast.com\/wordpress\/plugins\/seo\/ -->\n<title>Valborg - Rex<\/title>\n<meta name=\"description\" content=\"Ta fram grillen och f\u00f6lj v\u00e5r k\u00f6ksm\u00e4stare Mikael Segerlunds instruktioner f\u00f6r en h\u00e4rlig grillmiddag och fira in v\u00e5ren och ljuset!\" \/>\n<meta name=\"robots\" content=\"index, follow, max-snippet:-1, max-image-preview:large, max-video-preview:-1\" \/>\n<link rel=\"canonical\" href=\"https:\/\/www.rexumea.com\/en\/valborg\/\" \/>\n<meta property=\"og:locale\" content=\"en_GB\" \/>\n<meta property=\"og:type\" content=\"article\" \/>\n<meta property=\"og:title\" content=\"Valborg - Rex\" \/>\n<meta property=\"og:description\" content=\"Ta fram grillen och f\u00f6lj v\u00e5r k\u00f6ksm\u00e4stare Mikael Segerlunds instruktioner f\u00f6r en h\u00e4rlig grillmiddag och fira in v\u00e5ren och ljuset!\" \/>\n<meta property=\"og:url\" content=\"https:\/\/www.rexumea.com\/en\/valborg\/\" \/>\n<meta property=\"og:site_name\" content=\"Rex\" \/>\n<meta property=\"article:modified_time\" content=\"2021-04-21T13:40:10+00:00\" \/>\n<meta name=\"twitter:card\" content=\"summary_large_image\" \/>\n<meta name=\"twitter:label1\" content=\"Estimated reading time\" \/>\n\t<meta name=\"twitter:data1\" content=\"1 minute\" \/>\n<script type=\"application\/ld+json\" class=\"yoast-schema-graph\">{\"@context\":\"https:\/\/schema.org\",\"@graph\":[{\"@type\":\"WebPage\",\"@id\":\"https:\/\/www.rexumea.com\/valborg\/\",\"url\":\"https:\/\/www.rexumea.com\/valborg\/\",\"name\":\"Valborg - Rex\",\"isPartOf\":{\"@id\":\"https:\/\/www.rexumea.com\/#website\"},\"datePublished\":\"2021-03-18T09:13:53+00:00\",\"dateModified\":\"2021-04-21T13:40:10+00:00\",\"description\":\"Ta fram grillen och f\u00f6lj v\u00e5r k\u00f6ksm\u00e4stare Mikael Segerlunds instruktioner f\u00f6r en h\u00e4rlig grillmiddag och fira in v\u00e5ren och ljuset!\",\"breadcrumb\":{\"@id\":\"https:\/\/www.rexumea.com\/valborg\/#breadcrumb\"},\"inLanguage\":\"en-GB\",\"potentialAction\":[{\"@type\":\"ReadAction\",\"target\":[\"https:\/\/www.rexumea.com\/valborg\/\"]}]},{\"@type\":\"BreadcrumbList\",\"@id\":\"https:\/\/www.rexumea.com\/valborg\/#breadcrumb\",\"itemListElement\":[{\"@type\":\"ListItem\",\"position\":1,\"name\":\"Hem\",\"item\":\"https:\/\/www.rexumea.com\/\"},{\"@type\":\"ListItem\",\"position\":2,\"name\":\"Valborg\"}]},{\"@type\":\"WebSite\",\"@id\":\"https:\/\/www.rexumea.com\/#website\",\"url\":\"https:\/\/www.rexumea.com\/\",\"name\":\"Rex\",\"description\":\"R\u00e5dhuset i Ume\u00e5\",\"publisher\":{\"@id\":\"https:\/\/www.rexumea.com\/#organization\"},\"potentialAction\":[{\"@type\":\"SearchAction\",\"target\":{\"@type\":\"EntryPoint\",\"urlTemplate\":\"https:\/\/www.rexumea.com\/?s={search_term_string}\"},\"query-input\":\"required name=search_term_string\"}],\"inLanguage\":\"en-GB\"},{\"@type\":\"Organization\",\"@id\":\"https:\/\/www.rexumea.com\/#organization\",\"name\":\"Rex\",\"url\":\"https:\/\/www.rexumea.com\/\",\"logo\":{\"@type\":\"ImageObject\",\"inLanguage\":\"en-GB\",\"@id\":\"https:\/\/www.rexumea.com\/#\/schema\/logo\/image\/\",\"url\":\"https:\/\/www.rexumea.com\/wp-content\/uploads\/2019\/10\/Rex-guld_2015-1.svg\",\"contentUrl\":\"https:\/\/www.rexumea.com\/wp-content\/uploads\/2019\/10\/Rex-guld_2015-1.svg\",\"width\":144.6,\"height\":98.58,\"caption\":\"Rex\"},\"image\":{\"@id\":\"https:\/\/www.rexumea.com\/#\/schema\/logo\/image\/\"}}]}<\/script>\n<!-- \/ Yoast SEO plugin. -->","yoast_head_json":{"title":"Valborg - Rex","description":"Ta fram grillen och f\u00f6lj v\u00e5r k\u00f6ksm\u00e4stare Mikael Segerlunds instruktioner f\u00f6r en h\u00e4rlig grillmiddag och fira in v\u00e5ren och ljuset!","robots":{"index":"index","follow":"follow","max-snippet":"max-snippet:-1","max-image-preview":"max-image-preview:large","max-video-preview":"max-video-preview:-1"},"canonical":"https:\/\/www.rexumea.com\/en\/valborg\/","og_locale":"en_GB","og_type":"article","og_title":"Valborg - Rex","og_description":"Ta fram grillen och f\u00f6lj v\u00e5r k\u00f6ksm\u00e4stare Mikael Segerlunds instruktioner f\u00f6r en h\u00e4rlig grillmiddag och fira in v\u00e5ren och ljuset!","og_url":"https:\/\/www.rexumea.com\/en\/valborg\/","og_site_name":"Rex","article_modified_time":"2021-04-21T13:40:10+00:00","twitter_card":"summary_large_image","twitter_misc":{"Estimated reading time":"1 minute"},"schema":{"@context":"https:\/\/schema.org","@graph":[{"@type":"WebPage","@id":"https:\/\/www.rexumea.com\/valborg\/","url":"https:\/\/www.rexumea.com\/valborg\/","name":"Valborg - Rex","isPartOf":{"@id":"https:\/\/www.rexumea.com\/#website"},"datePublished":"2021-03-18T09:13:53+00:00","dateModified":"2021-04-21T13:40:10+00:00","description":"Ta fram grillen och f\u00f6lj v\u00e5r k\u00f6ksm\u00e4stare Mikael Segerlunds instruktioner f\u00f6r en h\u00e4rlig grillmiddag och fira in v\u00e5ren och ljuset!","breadcrumb":{"@id":"https:\/\/www.rexumea.com\/valborg\/#breadcrumb"},"inLanguage":"en-GB","potentialAction":[{"@type":"ReadAction","target":["https:\/\/www.rexumea.com\/valborg\/"]}]},{"@type":"BreadcrumbList","@id":"https:\/\/www.rexumea.com\/valborg\/#breadcrumb","itemListElement":[{"@type":"ListItem","position":1,"name":"Hem","item":"https:\/\/www.rexumea.com\/"},{"@type":"ListItem","position":2,"name":"Valborg"}]},{"@type":"WebSite","@id":"https:\/\/www.rexumea.com\/#website","url":"https:\/\/www.rexumea.com\/","name":"Rex","description":"R\u00e5dhuset i Ume\u00e5","publisher":{"@id":"https:\/\/www.rexumea.com\/#organization"},"potentialAction":[{"@type":"SearchAction","target":{"@type":"EntryPoint","urlTemplate":"https:\/\/www.rexumea.com\/?s={search_term_string}"},"query-input":"required name=search_term_string"}],"inLanguage":"en-GB"},{"@type":"Organization","@id":"https:\/\/www.rexumea.com\/#organization","name":"Rex","url":"https:\/\/www.rexumea.com\/","logo":{"@type":"ImageObject","inLanguage":"en-GB","@id":"https:\/\/www.rexumea.com\/#\/schema\/logo\/image\/","url":"https:\/\/www.rexumea.com\/wp-content\/uploads\/2019\/10\/Rex-guld_2015-1.svg","contentUrl":"https:\/\/www.rexumea.com\/wp-content\/uploads\/2019\/10\/Rex-guld_2015-1.svg","width":144.6,"height":98.58,"caption":"Rex"},"image":{"@id":"https:\/\/www.rexumea.com\/#\/schema\/logo\/image\/"}}]}},"_links":{"self":[{"href":"https:\/\/www.rexumea.com\/en\/wp-json\/wp\/v2\/pages\/1730"}],"collection":[{"href":"https:\/\/www.rexumea.com\/en\/wp-json\/wp\/v2\/pages"}],"about":[{"href":"https:\/\/www.rexumea.com\/en\/wp-json\/wp\/v2\/types\/page"}],"author":[{"embeddable":true,"href":"https:\/\/www.rexumea.com\/en\/wp-json\/wp\/v2\/users\/4"}],"replies":[{"embeddable":true,"href":"https:\/\/www.rexumea.com\/en\/wp-json\/wp\/v2\/comments?post=1730"}],"version-history":[{"count":21,"href":"https:\/\/www.rexumea.com\/en\/wp-json\/wp\/v2\/pages\/1730\/revisions"}],"predecessor-version":[{"id":1836,"href":"https:\/\/www.rexumea.com\/en\/wp-json\/wp\/v2\/pages\/1730\/revisions\/1836"}],"wp:attachment":[{"href":"https:\/\/www.rexumea.com\/en\/wp-json\/wp\/v2\/media?parent=1730"}],"curies":[{"name":"wp","href":"https:\/\/api.w.org\/{rel}","templated":true}]}}