{"id":1772,"date":"2021-03-24T11:02:26","date_gmt":"2021-03-24T10:02:26","guid":{"rendered":"https:\/\/www.rexumea.com\/?page_id=1772"},"modified":"2024-09-13T16:08:24","modified_gmt":"2024-09-13T14:08:24","slug":"lunch","status":"publish","type":"page","link":"https:\/\/www.rexumea.com\/en\/lunch\/","title":{"rendered":"Lunch"},"content":{"rendered":"<div data-elementor-type=\"wp-page\" data-elementor-id=\"1772\" class=\"elementor elementor-1772\">\n\t\t\t\t\t\t<section class=\"elementor-section elementor-top-section elementor-element elementor-element-129dc357 elementor-section-boxed elementor-section-height-default elementor-section-height-default\" data-id=\"129dc357\" data-element_type=\"section\">\n\t\t\t\t\t\t<div class=\"elementor-container elementor-column-gap-default\">\n\t\t\t\t\t<div class=\"elementor-column elementor-col-100 elementor-top-column elementor-element elementor-element-589a154d\" data-id=\"589a154d\" data-element_type=\"column\">\n\t\t\t<div class=\"elementor-widget-wrap elementor-element-populated\">\n\t\t\t\t\t\t<div class=\"elementor-element elementor-element-19deb45b elementor-widget elementor-widget-text-editor\" data-id=\"19deb45b\" data-element_type=\"widget\" data-widget_type=\"text-editor.default\">\n\t\t\t\t<div class=\"elementor-widget-container\">\n\t\t\t\t\t\t\t<h4>BRASSERIETS <strong>LUNCH<\/strong><\/h4><p><b>A warm welcome to our lunch, which is served Tuesday - Friday from 11.00-14.00.<\/b><span style=\"color: var(--ast-global-color-3); font-size: 15px; font-weight: bold;\"><br \/><\/span><b style=\"font-style: inherit; color: var(--ast-global-color-3);\">If you want to bring your lunch with you, we will help you pack it &amp; booking is done via <a href=\"mailto:bokning@rexumea.com\">bokning@rexumea.com<\/a><br \/>alt. by phone <a href=\"tel:090706050\">090-70 60 50<\/a>.\u00a0<\/b><b style=\"font-style: inherit; color: var(--ast-global-color-3);\">Welcome to Rex!<\/b><\/p><h5>Every week at the Brasserie:<\/h5><p><strong>Today's househusband<\/strong><br \/><strong>Vegetarian of the week<\/strong><\/p><h5>Always on REX:<\/h5><p><strong>Southern French fish soup<\/strong><br \/>Fish soup with saffron, tomato, fennel, croutons &amp; aioli<br \/><strong>REX meatballs<\/strong><br \/>Meatballs with potato puree, cream sauce, pickles and raw lingonberries<\/p>\t\t\t\t\t\t<\/div>\n\t\t\t\t<\/div>\n\t\t\t\t<div class=\"elementor-element elementor-element-cd3be43 elementor-widget elementor-widget-heading\" data-id=\"cd3be43\" data-element_type=\"widget\" data-widget_type=\"heading.default\">\n\t\t\t\t<div class=\"elementor-widget-container\">\n\t\t\t<h4 class=\"elementor-heading-title elementor-size-default\">See the full weekly lunch menu:<\/h4>\t\t<\/div>\n\t\t\t\t<\/div>\n\t\t\t\t<div class=\"elementor-element elementor-element-12770c3 elementor-shape-rounded elementor-grid-0 e-grid-align-center elementor-widget elementor-widget-social-icons\" data-id=\"12770c3\" data-element_type=\"widget\" data-widget_type=\"social-icons.default\">\n\t\t\t\t<div class=\"elementor-widget-container\">\n\t\t\t\t\t<div class=\"elementor-social-icons-wrapper elementor-grid\">\n\t\t\t\t\t\t\t<span class=\"elementor-grid-item\">\n\t\t\t\t\t<a class=\"elementor-icon elementor-social-icon elementor-social-icon- elementor-repeater-item-9194bd1\" href=\"https:\/\/www.instagram.com\/rexumea\" target=\"_blank\">\n\t\t\t\t\t\t<span class=\"elementor-screen-only\"><\/span>\n\t\t\t\t\t\t<svg xmlns=\"http:\/\/www.w3.org\/2000\/svg\" width=\"46.759\" height=\"46.806\" viewbox=\"0 0 46.759 46.806\"><g id=\"Teckning_1\" data-name=\"Teckning 1\" transform=\"translate(23.38 23.403)\"><g id=\"Group_1\" data-name=\"Group 1\" transform=\"translate(-23.38 -23.403)\"><path id=\"Path_492\" data-name=\"Path 492\" d=\"M23.361,46.806c-3.157-.056-6.315-.085-9.471-.176a15.253,15.253,0,0,1-7.731-2.022A11.638,11.638,0,0,1,.564,36.357a42.593,42.593,0,0,1-.522-6.465C-.028,25.266,0,20.638.049,16.012A22.654,22.654,0,0,1,.975,8.735a11.746,11.746,0,0,1,9.4-8.163A37.4,37.4,0,0,1,16.842.043C21.484-.028,26.129,0,30.772.05A22.594,22.594,0,0,1,38,.968,11.745,11.745,0,0,1,46.191,10.4a37.889,37.889,0,0,1,.526,6.464c.07,4.626.043,9.253-.007,13.879a22.659,22.659,0,0,1-.925,7.277,11.747,11.747,0,0,1-9.4,8.164,43.33,43.33,0,0,1-6.464.534c-2.182.086-4.37.019-6.555.019ZM42.62,23l-.095,0c0-1.844.038-3.689-.011-5.532-.047-1.772-.115-3.549-.294-5.312a7.853,7.853,0,0,0-6.648-7.414,38.166,38.166,0,0,0-6.364-.487c-3.892-.073-7.787-.063-11.679,0a43.722,43.722,0,0,0-6.016.409,7.627,7.627,0,0,0-6.623,5.816,13.74,13.74,0,0,0-.5,3.327c-.1,4.232-.163,8.466-.148,12.7.01,2.693.071,5.4.305,8.077a7.782,7.782,0,0,0,6.613,7.431,37.985,37.985,0,0,0,6.414.494c3.875.074,7.752.051,11.628.008,1.806-.02,3.617-.119,5.414-.3a8.523,8.523,0,0,0,4.563-1.773A8.662,8.662,0,0,0,42.317,33.7C42.49,30.136,42.526,26.568,42.62,23Z\" transform=\"translate(0 0)\"><\/path><path id=\"Path_493\" data-name=\"Path 493\" d=\"M122.99,135.035a12,12,0,1,1,12.04-11.866A11.96,11.96,0,0,1,122.99,135.035Zm.047-4.216a7.788,7.788,0,1,0-7.8-7.778A7.827,7.827,0,0,0,123.037,130.819Z\" transform=\"translate(-99.647 -99.651)\"><\/path><path id=\"Path_494\" data-name=\"Path 494\" d=\"M325.236,79.033A2.757,2.757,0,0,1,327.99,81.9a2.815,2.815,0,0,1-2.828,2.766,2.852,2.852,0,0,1-2.8-2.863A2.814,2.814,0,0,1,325.236,79.033Z\" transform=\"translate(-289.329 -70.935)\"><\/path><\/g><\/g><\/svg>\t\t\t\t\t<\/a>\n\t\t\t\t<\/span>\n\t\t\t\t\t\t\t<span class=\"elementor-grid-item\">\n\t\t\t\t\t<a class=\"elementor-icon elementor-social-icon elementor-social-icon-facebook elementor-repeater-item-08968af\" href=\"https:\/\/www.facebook.com\/rexumea\" target=\"_blank\">\n\t\t\t\t\t\t<span class=\"elementor-screen-only\">Facebook<\/span>\n\t\t\t\t\t\t<i class=\"fab fa-facebook\"><\/i>\t\t\t\t\t<\/a>\n\t\t\t\t<\/span>\n\t\t\t\t\t<\/div>\n\t\t\t\t<\/div>\n\t\t\t\t<\/div>\n\t\t\t\t\t<\/div>\n\t\t<\/div>\n\t\t\t\t\t<\/div>\n\t\t<\/section>\n\t\t\t\t<\/div>","protected":false},"excerpt":{"rendered":"<p>BRASSERIETS LUNCH A warm welcome to our lunch served Tuesday - Friday at 11.00-14.00.If you want to bring your lunch with you, we will help you pack it &amp; booking is made via bokning@rexumea.comalt. by phone 090-70 60 50. A warm welcome to us at Rex! Every week at Brasseriet: Today's house manVegetarian of the weekAlways at REX: Southern French fish soupFish soup with ...<\/p>\n<p class=\"read-more\"> <a class=\"\" href=\"https:\/\/www.rexumea.com\/en\/lunch\/\"> <span class=\"screen-reader-text\">Lunch<\/span> Read More \"<\/a><\/p>","protected":false},"author":4,"featured_media":0,"parent":0,"menu_order":0,"comment_status":"closed","ping_status":"closed","template":"","meta":{"site-sidebar-layout":"default","site-content-layout":"default","ast-global-header-display":"","ast-main-header-display":"","ast-hfb-above-header-display":"","ast-hfb-below-header-display":"","ast-hfb-mobile-header-display":"","site-post-title":"","ast-breadcrumbs-content":"","ast-featured-img":"","footer-sml-layout":"","theme-transparent-header-meta":"default","adv-header-id-meta":"","stick-header-meta":"","header-above-stick-meta":"","header-main-stick-meta":"","header-below-stick-meta":"","footnotes":""},"class_list":["post-1772","page","type-page","status-publish","hentry"],"yoast_head":"<!-- This site is optimized with the Yoast SEO plugin v23.3 - https:\/\/yoast.com\/wordpress\/plugins\/seo\/ -->\n<title>Lunch - Rex<\/title>\n<meta name=\"description\" content=\"Rex lunch \u00e4r \u00e4ntligen tillbaka och \u00f6ppnar \u00e5ter 12:e April! Varmt v\u00e4lkomna m\u00e5ndag till fredag fr\u00e5n 11:00 och f\u00f6rgyll er vardag.\" \/>\n<meta name=\"robots\" content=\"index, follow, max-snippet:-1, max-image-preview:large, max-video-preview:-1\" \/>\n<link rel=\"canonical\" href=\"https:\/\/www.rexumea.com\/en\/lunch\/\" \/>\n<meta property=\"og:locale\" content=\"en_GB\" \/>\n<meta property=\"og:type\" content=\"article\" \/>\n<meta property=\"og:title\" content=\"Lunch - Rex\" \/>\n<meta property=\"og:description\" content=\"Rex lunch \u00e4r \u00e4ntligen tillbaka och \u00f6ppnar \u00e5ter 12:e April! Varmt v\u00e4lkomna m\u00e5ndag till fredag fr\u00e5n 11:00 och f\u00f6rgyll er vardag.\" \/>\n<meta property=\"og:url\" content=\"https:\/\/www.rexumea.com\/en\/lunch\/\" \/>\n<meta property=\"og:site_name\" content=\"Rex\" \/>\n<meta property=\"article:modified_time\" content=\"2024-09-13T14:08:24+00:00\" \/>\n<meta name=\"twitter:card\" content=\"summary_large_image\" \/>\n<meta name=\"twitter:label1\" content=\"Estimated reading time\" \/>\n\t<meta name=\"twitter:data1\" content=\"1 minute\" \/>\n<script type=\"application\/ld+json\" class=\"yoast-schema-graph\">{\"@context\":\"https:\/\/schema.org\",\"@graph\":[{\"@type\":\"WebPage\",\"@id\":\"https:\/\/www.rexumea.com\/lunch\/\",\"url\":\"https:\/\/www.rexumea.com\/lunch\/\",\"name\":\"Lunch - Rex\",\"isPartOf\":{\"@id\":\"https:\/\/www.rexumea.com\/#website\"},\"datePublished\":\"2021-03-24T10:02:26+00:00\",\"dateModified\":\"2024-09-13T14:08:24+00:00\",\"description\":\"Rex lunch \u00e4r \u00e4ntligen tillbaka och \u00f6ppnar \u00e5ter 12:e April! Varmt v\u00e4lkomna m\u00e5ndag till fredag fr\u00e5n 11:00 och f\u00f6rgyll er vardag.\",\"breadcrumb\":{\"@id\":\"https:\/\/www.rexumea.com\/lunch\/#breadcrumb\"},\"inLanguage\":\"en-GB\",\"potentialAction\":[{\"@type\":\"ReadAction\",\"target\":[\"https:\/\/www.rexumea.com\/lunch\/\"]}]},{\"@type\":\"BreadcrumbList\",\"@id\":\"https:\/\/www.rexumea.com\/lunch\/#breadcrumb\",\"itemListElement\":[{\"@type\":\"ListItem\",\"position\":1,\"name\":\"Hem\",\"item\":\"https:\/\/www.rexumea.com\/\"},{\"@type\":\"ListItem\",\"position\":2,\"name\":\"Lunch\"}]},{\"@type\":\"WebSite\",\"@id\":\"https:\/\/www.rexumea.com\/#website\",\"url\":\"https:\/\/www.rexumea.com\/\",\"name\":\"Rex\",\"description\":\"R\u00e5dhuset i Ume\u00e5\",\"publisher\":{\"@id\":\"https:\/\/www.rexumea.com\/#organization\"},\"potentialAction\":[{\"@type\":\"SearchAction\",\"target\":{\"@type\":\"EntryPoint\",\"urlTemplate\":\"https:\/\/www.rexumea.com\/?s={search_term_string}\"},\"query-input\":\"required name=search_term_string\"}],\"inLanguage\":\"en-GB\"},{\"@type\":\"Organization\",\"@id\":\"https:\/\/www.rexumea.com\/#organization\",\"name\":\"Rex\",\"url\":\"https:\/\/www.rexumea.com\/\",\"logo\":{\"@type\":\"ImageObject\",\"inLanguage\":\"en-GB\",\"@id\":\"https:\/\/www.rexumea.com\/#\/schema\/logo\/image\/\",\"url\":\"https:\/\/www.rexumea.com\/wp-content\/uploads\/2019\/10\/Rex-guld_2015-1.svg\",\"contentUrl\":\"https:\/\/www.rexumea.com\/wp-content\/uploads\/2019\/10\/Rex-guld_2015-1.svg\",\"width\":144.6,\"height\":98.58,\"caption\":\"Rex\"},\"image\":{\"@id\":\"https:\/\/www.rexumea.com\/#\/schema\/logo\/image\/\"}}]}<\/script>\n<!-- \/ Yoast SEO plugin. -->","yoast_head_json":{"title":"Lunch - Rex","description":"Rex lunch \u00e4r \u00e4ntligen tillbaka och \u00f6ppnar \u00e5ter 12:e April! Varmt v\u00e4lkomna m\u00e5ndag till fredag fr\u00e5n 11:00 och f\u00f6rgyll er vardag.","robots":{"index":"index","follow":"follow","max-snippet":"max-snippet:-1","max-image-preview":"max-image-preview:large","max-video-preview":"max-video-preview:-1"},"canonical":"https:\/\/www.rexumea.com\/en\/lunch\/","og_locale":"en_GB","og_type":"article","og_title":"Lunch - Rex","og_description":"Rex lunch \u00e4r \u00e4ntligen tillbaka och \u00f6ppnar \u00e5ter 12:e April! Varmt v\u00e4lkomna m\u00e5ndag till fredag fr\u00e5n 11:00 och f\u00f6rgyll er vardag.","og_url":"https:\/\/www.rexumea.com\/en\/lunch\/","og_site_name":"Rex","article_modified_time":"2024-09-13T14:08:24+00:00","twitter_card":"summary_large_image","twitter_misc":{"Estimated reading time":"1 minute"},"schema":{"@context":"https:\/\/schema.org","@graph":[{"@type":"WebPage","@id":"https:\/\/www.rexumea.com\/lunch\/","url":"https:\/\/www.rexumea.com\/lunch\/","name":"Lunch - Rex","isPartOf":{"@id":"https:\/\/www.rexumea.com\/#website"},"datePublished":"2021-03-24T10:02:26+00:00","dateModified":"2024-09-13T14:08:24+00:00","description":"Rex lunch \u00e4r \u00e4ntligen tillbaka och \u00f6ppnar \u00e5ter 12:e April! Varmt v\u00e4lkomna m\u00e5ndag till fredag fr\u00e5n 11:00 och f\u00f6rgyll er vardag.","breadcrumb":{"@id":"https:\/\/www.rexumea.com\/lunch\/#breadcrumb"},"inLanguage":"en-GB","potentialAction":[{"@type":"ReadAction","target":["https:\/\/www.rexumea.com\/lunch\/"]}]},{"@type":"BreadcrumbList","@id":"https:\/\/www.rexumea.com\/lunch\/#breadcrumb","itemListElement":[{"@type":"ListItem","position":1,"name":"Hem","item":"https:\/\/www.rexumea.com\/"},{"@type":"ListItem","position":2,"name":"Lunch"}]},{"@type":"WebSite","@id":"https:\/\/www.rexumea.com\/#website","url":"https:\/\/www.rexumea.com\/","name":"Rex","description":"R\u00e5dhuset i Ume\u00e5","publisher":{"@id":"https:\/\/www.rexumea.com\/#organization"},"potentialAction":[{"@type":"SearchAction","target":{"@type":"EntryPoint","urlTemplate":"https:\/\/www.rexumea.com\/?s={search_term_string}"},"query-input":"required name=search_term_string"}],"inLanguage":"en-GB"},{"@type":"Organization","@id":"https:\/\/www.rexumea.com\/#organization","name":"Rex","url":"https:\/\/www.rexumea.com\/","logo":{"@type":"ImageObject","inLanguage":"en-GB","@id":"https:\/\/www.rexumea.com\/#\/schema\/logo\/image\/","url":"https:\/\/www.rexumea.com\/wp-content\/uploads\/2019\/10\/Rex-guld_2015-1.svg","contentUrl":"https:\/\/www.rexumea.com\/wp-content\/uploads\/2019\/10\/Rex-guld_2015-1.svg","width":144.6,"height":98.58,"caption":"Rex"},"image":{"@id":"https:\/\/www.rexumea.com\/#\/schema\/logo\/image\/"}}]}},"_links":{"self":[{"href":"https:\/\/www.rexumea.com\/en\/wp-json\/wp\/v2\/pages\/1772"}],"collection":[{"href":"https:\/\/www.rexumea.com\/en\/wp-json\/wp\/v2\/pages"}],"about":[{"href":"https:\/\/www.rexumea.com\/en\/wp-json\/wp\/v2\/types\/page"}],"author":[{"embeddable":true,"href":"https:\/\/www.rexumea.com\/en\/wp-json\/wp\/v2\/users\/4"}],"replies":[{"embeddable":true,"href":"https:\/\/www.rexumea.com\/en\/wp-json\/wp\/v2\/comments?post=1772"}],"version-history":[{"count":646,"href":"https:\/\/www.rexumea.com\/en\/wp-json\/wp\/v2\/pages\/1772\/revisions"}],"predecessor-version":[{"id":5042,"href":"https:\/\/www.rexumea.com\/en\/wp-json\/wp\/v2\/pages\/1772\/revisions\/5042"}],"wp:attachment":[{"href":"https:\/\/www.rexumea.com\/en\/wp-json\/wp\/v2\/media?parent=1772"}],"curies":[{"name":"wp","href":"https:\/\/api.w.org\/{rel}","templated":true}]}}