{"id":32,"date":"2019-10-14T15:53:52","date_gmt":"2019-10-14T15:53:52","guid":{"rendered":"https:\/\/www.rexumea.com\/?page_id=32"},"modified":"2019-12-18T08:49:43","modified_gmt":"2019-12-18T07:49:43","slug":"om-rex","status":"publish","type":"page","link":"https:\/\/www.rexumea.com\/en\/om-rex\/","title":{"rendered":"About Rex"},"content":{"rendered":"<div data-elementor-type=\"wp-page\" data-elementor-id=\"32\" class=\"elementor elementor-32\">\n\t\t\t\t\t\t<section class=\"elementor-section elementor-top-section elementor-element elementor-element-ba28ba8 elementor-section-boxed elementor-section-height-default elementor-section-height-default\" data-id=\"ba28ba8\" data-element_type=\"section\" data-settings=\"{&quot;background_background&quot;:&quot;classic&quot;}\">\n\t\t\t\t\t\t<div class=\"elementor-container elementor-column-gap-default\">\n\t\t\t\t\t<div class=\"elementor-column elementor-col-100 elementor-top-column elementor-element elementor-element-4dd36a7\" data-id=\"4dd36a7\" data-element_type=\"column\">\n\t\t\t<div class=\"elementor-widget-wrap elementor-element-populated\">\n\t\t\t\t\t\t<div class=\"elementor-element elementor-element-4110dc6 elementor-widget elementor-widget-image\" data-id=\"4110dc6\" data-element_type=\"widget\" data-widget_type=\"image.default\">\n\t\t\t\t<div class=\"elementor-widget-container\">\n\t\t\t\t\t\t\t\t\t\t\t\t\t<img fetchpriority=\"high\" decoding=\"async\" width=\"1024\" height=\"403\" src=\"https:\/\/www.rexumea.com\/wp-content\/uploads\/2019\/10\/Om-Rex-1024x403.jpg\" class=\"attachment-large size-large wp-image-611\" alt=\"\" srcset=\"https:\/\/www.rexumea.com\/wp-content\/uploads\/2019\/10\/Om-Rex-1024x403.jpg 1024w, https:\/\/www.rexumea.com\/wp-content\/uploads\/2019\/10\/Om-Rex-300x118.jpg 300w, https:\/\/www.rexumea.com\/wp-content\/uploads\/2019\/10\/Om-Rex-768x302.jpg 768w, https:\/\/www.rexumea.com\/wp-content\/uploads\/2019\/10\/Om-Rex.jpg 1270w\" sizes=\"(max-width: 1024px) 100vw, 1024px\" \/>\t\t\t\t\t\t\t\t\t\t\t\t\t<\/div>\n\t\t\t\t<\/div>\n\t\t\t\t<section class=\"elementor-section elementor-inner-section elementor-element elementor-element-010b03a elementor-section-boxed elementor-section-height-default elementor-section-height-default\" data-id=\"010b03a\" data-element_type=\"section\">\n\t\t\t\t\t\t<div class=\"elementor-container elementor-column-gap-default\">\n\t\t\t\t\t<div class=\"elementor-column elementor-col-33 elementor-inner-column elementor-element elementor-element-8dfdd4f\" data-id=\"8dfdd4f\" data-element_type=\"column\">\n\t\t\t<div class=\"elementor-widget-wrap elementor-element-populated\">\n\t\t\t\t\t\t<div class=\"elementor-element elementor-element-40a47a3 elementor-widget elementor-widget-image\" data-id=\"40a47a3\" data-element_type=\"widget\" data-widget_type=\"image.default\">\n\t\t\t\t<div class=\"elementor-widget-container\">\n\t\t\t\t\t\t\t\t\t\t\t\t\t<img decoding=\"async\" width=\"118\" height=\"17\" src=\"https:\/\/www.rexumea.com\/wp-content\/uploads\/2019\/10\/deco-border-top-black.svg\" class=\"attachment-medium size-medium wp-image-220\" alt=\"\" \/>\t\t\t\t\t\t\t\t\t\t\t\t\t<\/div>\n\t\t\t\t<\/div>\n\t\t\t\t<div class=\"elementor-element elementor-element-9a2970a elementor-nav-menu__align-center elementor-nav-menu--dropdown-none elementor-widget elementor-widget-nav-menu\" data-id=\"9a2970a\" data-element_type=\"widget\" data-settings=\"{&quot;layout&quot;:&quot;vertical&quot;,&quot;submenu_icon&quot;:{&quot;value&quot;:&quot;&lt;i class=\\&quot;\\&quot;&gt;&lt;\\\/i&gt;&quot;,&quot;library&quot;:&quot;&quot;}}\" data-widget_type=\"nav-menu.default\">\n\t\t\t\t<div class=\"elementor-widget-container\">\n\t\t\t\t\t\t<nav migration_allowed=\"1\" migrated=\"0\" role=\"navigation\" class=\"elementor-nav-menu--main elementor-nav-menu__container elementor-nav-menu--layout-vertical e--pointer-underline e--animation-fade\">\n\t\t\t\t<ul id=\"menu-1-9a2970a\" class=\"elementor-nav-menu sm-vertical\"><li class=\"menu-item menu-item-type-post_type menu-item-object-page menu-item-621\"><a href=\"https:\/\/www.rexumea.com\/en\/om-rex\/\" class=\"elementor-item menu-link\">About Rex<\/a><\/li>\n<li class=\"menu-item menu-item-type-post_type menu-item-object-page menu-item-620\"><a href=\"https:\/\/www.rexumea.com\/en\/om-rex\/jobba-pa-rex\/\" class=\"elementor-item menu-link\">Working at Rex<\/a><\/li>\n<li class=\"menu-item menu-item-type-post_type menu-item-object-page menu-item-622\"><a href=\"https:\/\/www.rexumea.com\/en\/om-rex\/radhusets-historia\/\" class=\"elementor-item menu-link\">History of the Town Hall<\/a><\/li>\n<li class=\"menu-item menu-item-type-post_type menu-item-object-page menu-item-623\"><a href=\"https:\/\/www.rexumea.com\/en\/om-rex\/kontakta-oss\/\" class=\"elementor-item menu-link\">Contact us<\/a><\/li>\n<\/ul>\t\t\t<\/nav>\n\t\t\t\t\t<div class=\"elementor-menu-toggle\" role=\"button\" tabindex=\"0\" aria-label=\"Menu Toggle\" aria-expanded=\"false\">\n\t\t\t<i aria-hidden=\"true\" role=\"presentation\" class=\"elementor-menu-toggle__icon--open eicon-menu-bar\"><\/i><i aria-hidden=\"true\" role=\"presentation\" class=\"elementor-menu-toggle__icon--close eicon-close\"><\/i>\t\t\t<span class=\"elementor-screen-only\">Menu<\/span>\n\t\t<\/div>\n\t\t\t<nav class=\"elementor-nav-menu--dropdown elementor-nav-menu__container\" role=\"navigation\" aria-hidden=\"true\">\n\t\t\t\t<ul id=\"menu-2-9a2970a\" class=\"elementor-nav-menu sm-vertical\"><li class=\"menu-item menu-item-type-post_type menu-item-object-page menu-item-621\"><a href=\"https:\/\/www.rexumea.com\/en\/om-rex\/\" class=\"elementor-item menu-link\" tabindex=\"-1\">About Rex<\/a><\/li>\n<li class=\"menu-item menu-item-type-post_type menu-item-object-page menu-item-620\"><a href=\"https:\/\/www.rexumea.com\/en\/om-rex\/jobba-pa-rex\/\" class=\"elementor-item menu-link\" tabindex=\"-1\">Working at Rex<\/a><\/li>\n<li class=\"menu-item menu-item-type-post_type menu-item-object-page menu-item-622\"><a href=\"https:\/\/www.rexumea.com\/en\/om-rex\/radhusets-historia\/\" class=\"elementor-item menu-link\" tabindex=\"-1\">History of the Town Hall<\/a><\/li>\n<li class=\"menu-item menu-item-type-post_type menu-item-object-page menu-item-623\"><a href=\"https:\/\/www.rexumea.com\/en\/om-rex\/kontakta-oss\/\" class=\"elementor-item menu-link\" tabindex=\"-1\">Contact us<\/a><\/li>\n<\/ul>\t\t\t<\/nav>\n\t\t\t\t<\/div>\n\t\t\t\t<\/div>\n\t\t\t\t<div class=\"elementor-element elementor-element-a54ffae elementor-widget elementor-widget-image\" data-id=\"a54ffae\" data-element_type=\"widget\" data-widget_type=\"image.default\">\n\t\t\t\t<div class=\"elementor-widget-container\">\n\t\t\t\t\t\t\t\t\t\t\t\t\t<img decoding=\"async\" width=\"118\" height=\"17\" src=\"https:\/\/www.rexumea.com\/wp-content\/uploads\/2019\/10\/deco-border-bottom-black.svg\" class=\"attachment-medium size-medium wp-image-221\" alt=\"\" \/>\t\t\t\t\t\t\t\t\t\t\t\t\t<\/div>\n\t\t\t\t<\/div>\n\t\t\t\t\t<\/div>\n\t\t<\/div>\n\t\t\t\t<div class=\"elementor-column elementor-col-33 elementor-inner-column elementor-element elementor-element-7a18b9b\" data-id=\"7a18b9b\" data-element_type=\"column\">\n\t\t\t<div class=\"elementor-widget-wrap elementor-element-populated\">\n\t\t\t\t\t\t<div class=\"elementor-element elementor-element-d9b50d1 elementor-widget elementor-widget-heading\" data-id=\"d9b50d1\" data-element_type=\"widget\" data-widget_type=\"heading.default\">\n\t\t\t\t<div class=\"elementor-widget-container\">\n\t\t\t<h1 class=\"elementor-heading-title elementor-size-default\">About Rex<\/h1>\t\t<\/div>\n\t\t\t\t<\/div>\n\t\t\t\t<div class=\"elementor-element elementor-element-d1a5f4e elementor-widget elementor-widget-text-editor\" data-id=\"d1a5f4e\" data-element_type=\"widget\" data-widget_type=\"text-editor.default\">\n\t\t\t\t<div class=\"elementor-widget-container\">\n\t\t\t\t\t\t\t<p class=\"ingress\">The year is 1892 and city architect F-O Lindstr\u00f6m completes the City Hall. Subsequently, city services such as the post office, tax office, judicial system, police, prison, school authorities and many others are housed in the building until 1996 when\u00a0<a href=\"https:\/\/www.rexumea.com\/en\/hem\/rex-brasserie\/\">Rex<\/a>\u00a0move into large parts of the premises.<\/p>\t\t\t\t\t\t<\/div>\n\t\t\t\t<\/div>\n\t\t\t\t<div class=\"elementor-element elementor-element-73a8629 elementor-widget elementor-widget-text-editor\" data-id=\"73a8629\" data-element_type=\"widget\" data-widget_type=\"text-editor.default\">\n\t\t\t\t<div class=\"elementor-widget-container\">\n\t\t\t\t\t\t\t<p>Since its inception, Rex has operated a restaurant, bar, banquet hall and conference facilities. Rex has always wanted and will always want to be the place for everyone and for many good moments in life. Over the years, we have become the best friend of the people around us with the longest hanging bar in Norrland. We are mentioned in the Whiteguide for both the food and the bar, where we are ranked as one of the best in the country.<\/p><p>In 2011, the Brasseriet was renovated. The restaurant was opened up, given a larger space where the division between bar and dining room was blurred.<\/p><p>In autumn 2015, Rex expanded with two more new businesses in City Hall, the City Hall Cellar and Juliette. Now we can offer something for everyone and every occasion. An entertainment centre in the middle of central Ume\u00e5.<\/p><p>We have also strengthened our\u00a0<a href=\"https:\/\/www.rexumea.com\/en\/mote-konferens-fest\/moten-konferens\/\">conference centre<\/a>\u00a0and now boasts 7 conference rooms, equipped with new technology and new environments. In autumn 2015 we also opened up the City Hall Passage, which now links the entire City Hall.<\/p>\t\t\t\t\t\t<\/div>\n\t\t\t\t<\/div>\n\t\t\t\t\t<\/div>\n\t\t<\/div>\n\t\t\t\t<div class=\"elementor-column elementor-col-33 elementor-inner-column elementor-element elementor-element-2bbd22a\" data-id=\"2bbd22a\" data-element_type=\"column\">\n\t\t\t<div class=\"elementor-widget-wrap elementor-element-populated\">\n\t\t\t\t\t\t<div class=\"elementor-element elementor-element-2f0bae4 elementor-widget elementor-widget-text-editor\" data-id=\"2f0bae4\" data-element_type=\"widget\" data-widget_type=\"text-editor.default\">\n\t\t\t\t<div class=\"elementor-widget-container\">\n\t\t\t\t\t\t\t<h4>CONTACT<\/h4><p>R\u00e5dhustorget 1\u00a0<br \/>903 26 Ume\u00e5\u00a0<\/p><p>090-70 60 50\u00a0<\/p>\t\t\t\t\t\t<\/div>\n\t\t\t\t<\/div>\n\t\t\t\t\t<\/div>\n\t\t<\/div>\n\t\t\t\t\t<\/div>\n\t\t<\/section>\n\t\t\t\t\t<\/div>\n\t\t<\/div>\n\t\t\t\t\t<\/div>\n\t\t<\/section>\n\t\t\t\t<\/div>","protected":false},"excerpt":{"rendered":"<p>About Rex The year is 1892 and city architect F-O Lindstr\u00f6m completes the Town Hall. Subsequently, city services such as the post office, tax office, judicial system, police, prison, school services and many others were housed in the building until 1996 when Rex moved into large parts of the premises. Since the beginning, Rex has run a restaurant, bar, banqueting hall and conference centre. Rex has always wanted and will always want to be ...<\/p>\n<p class=\"read-more\"> <a class=\"\" href=\"https:\/\/www.rexumea.com\/en\/om-rex\/\"> <span class=\"screen-reader-text\">About Rex<\/span> Read More \"<\/a><\/p>","protected":false},"author":5,"featured_media":0,"parent":0,"menu_order":0,"comment_status":"closed","ping_status":"closed","template":"","meta":{"site-sidebar-layout":"no-sidebar","site-content-layout":"page-builder","ast-global-header-display":"","ast-main-header-display":"","ast-hfb-above-header-display":"","ast-hfb-below-header-display":"","ast-hfb-mobile-header-display":"","site-post-title":"disabled","ast-breadcrumbs-content":"","ast-featured-img":"disabled","footer-sml-layout":"","theme-transparent-header-meta":"default","adv-header-id-meta":"","stick-header-meta":"","header-above-stick-meta":"","header-main-stick-meta":"","header-below-stick-meta":"","footnotes":""},"class_list":["post-32","page","type-page","status-publish","hentry"],"yoast_head":"<!-- This site is optimized with the Yoast SEO plugin v23.3 - https:\/\/yoast.com\/wordpress\/plugins\/seo\/ -->\n<title>Om Rex - Rex<\/title>\n<meta name=\"description\" content=\"Rex etabl. 1996 firar i \u00e5r 20 \u00e5r i R\u00e5dhuset.\" \/>\n<meta name=\"robots\" content=\"index, follow, max-snippet:-1, max-image-preview:large, max-video-preview:-1\" \/>\n<link rel=\"canonical\" href=\"https:\/\/www.rexumea.com\/en\/om-rex\/\" \/>\n<meta property=\"og:locale\" content=\"en_GB\" \/>\n<meta property=\"og:type\" content=\"article\" \/>\n<meta property=\"og:title\" content=\"Om Rex - Rex\" \/>\n<meta property=\"og:description\" content=\"Rex etabl. 1996 firar i \u00e5r 20 \u00e5r i R\u00e5dhuset.\" \/>\n<meta property=\"og:url\" content=\"https:\/\/www.rexumea.com\/en\/om-rex\/\" \/>\n<meta property=\"og:site_name\" content=\"Rex\" \/>\n<meta property=\"article:modified_time\" content=\"2019-12-18T07:49:43+00:00\" \/>\n<meta property=\"og:image\" content=\"https:\/\/www.rexumea.com\/wp-content\/uploads\/2019\/10\/Om-Rex-1024x403.jpg\" \/>\n<meta name=\"twitter:card\" content=\"summary_large_image\" \/>\n<meta name=\"twitter:label1\" content=\"Estimated reading time\" \/>\n\t<meta name=\"twitter:data1\" content=\"1 minute\" \/>\n<script type=\"application\/ld+json\" class=\"yoast-schema-graph\">{\"@context\":\"https:\/\/schema.org\",\"@graph\":[{\"@type\":\"WebPage\",\"@id\":\"https:\/\/www.rexumea.com\/om-rex\/\",\"url\":\"https:\/\/www.rexumea.com\/om-rex\/\",\"name\":\"Om Rex - Rex\",\"isPartOf\":{\"@id\":\"https:\/\/www.rexumea.com\/#website\"},\"primaryImageOfPage\":{\"@id\":\"https:\/\/www.rexumea.com\/om-rex\/#primaryimage\"},\"image\":{\"@id\":\"https:\/\/www.rexumea.com\/om-rex\/#primaryimage\"},\"thumbnailUrl\":\"https:\/\/www.rexumea.com\/wp-content\/uploads\/2019\/10\/Om-Rex-1024x403.jpg\",\"datePublished\":\"2019-10-14T15:53:52+00:00\",\"dateModified\":\"2019-12-18T07:49:43+00:00\",\"description\":\"Rex etabl. 1996 firar i \u00e5r 20 \u00e5r i R\u00e5dhuset.\",\"breadcrumb\":{\"@id\":\"https:\/\/www.rexumea.com\/om-rex\/#breadcrumb\"},\"inLanguage\":\"en-GB\",\"potentialAction\":[{\"@type\":\"ReadAction\",\"target\":[\"https:\/\/www.rexumea.com\/om-rex\/\"]}]},{\"@type\":\"ImageObject\",\"inLanguage\":\"en-GB\",\"@id\":\"https:\/\/www.rexumea.com\/om-rex\/#primaryimage\",\"url\":\"https:\/\/www.rexumea.com\/wp-content\/uploads\/2019\/10\/Om-Rex-1024x403.jpg\",\"contentUrl\":\"https:\/\/www.rexumea.com\/wp-content\/uploads\/2019\/10\/Om-Rex-1024x403.jpg\"},{\"@type\":\"BreadcrumbList\",\"@id\":\"https:\/\/www.rexumea.com\/om-rex\/#breadcrumb\",\"itemListElement\":[{\"@type\":\"ListItem\",\"position\":1,\"name\":\"Hem\",\"item\":\"https:\/\/www.rexumea.com\/\"},{\"@type\":\"ListItem\",\"position\":2,\"name\":\"Om Rex\"}]},{\"@type\":\"WebSite\",\"@id\":\"https:\/\/www.rexumea.com\/#website\",\"url\":\"https:\/\/www.rexumea.com\/\",\"name\":\"Rex\",\"description\":\"R\u00e5dhuset i Ume\u00e5\",\"publisher\":{\"@id\":\"https:\/\/www.rexumea.com\/#organization\"},\"potentialAction\":[{\"@type\":\"SearchAction\",\"target\":{\"@type\":\"EntryPoint\",\"urlTemplate\":\"https:\/\/www.rexumea.com\/?s={search_term_string}\"},\"query-input\":\"required name=search_term_string\"}],\"inLanguage\":\"en-GB\"},{\"@type\":\"Organization\",\"@id\":\"https:\/\/www.rexumea.com\/#organization\",\"name\":\"Rex\",\"url\":\"https:\/\/www.rexumea.com\/\",\"logo\":{\"@type\":\"ImageObject\",\"inLanguage\":\"en-GB\",\"@id\":\"https:\/\/www.rexumea.com\/#\/schema\/logo\/image\/\",\"url\":\"https:\/\/www.rexumea.com\/wp-content\/uploads\/2019\/10\/Rex-guld_2015-1.svg\",\"contentUrl\":\"https:\/\/www.rexumea.com\/wp-content\/uploads\/2019\/10\/Rex-guld_2015-1.svg\",\"width\":144.6,\"height\":98.58,\"caption\":\"Rex\"},\"image\":{\"@id\":\"https:\/\/www.rexumea.com\/#\/schema\/logo\/image\/\"}}]}<\/script>\n<!-- \/ Yoast SEO plugin. -->","yoast_head_json":{"title":"Om Rex - Rex","description":"Rex etabl. 1996 firar i \u00e5r 20 \u00e5r i R\u00e5dhuset.","robots":{"index":"index","follow":"follow","max-snippet":"max-snippet:-1","max-image-preview":"max-image-preview:large","max-video-preview":"max-video-preview:-1"},"canonical":"https:\/\/www.rexumea.com\/en\/om-rex\/","og_locale":"en_GB","og_type":"article","og_title":"Om Rex - Rex","og_description":"Rex etabl. 1996 firar i \u00e5r 20 \u00e5r i R\u00e5dhuset.","og_url":"https:\/\/www.rexumea.com\/en\/om-rex\/","og_site_name":"Rex","article_modified_time":"2019-12-18T07:49:43+00:00","og_image":[{"url":"https:\/\/www.rexumea.com\/wp-content\/uploads\/2019\/10\/Om-Rex-1024x403.jpg"}],"twitter_card":"summary_large_image","twitter_misc":{"Estimated reading time":"1 minute"},"schema":{"@context":"https:\/\/schema.org","@graph":[{"@type":"WebPage","@id":"https:\/\/www.rexumea.com\/om-rex\/","url":"https:\/\/www.rexumea.com\/om-rex\/","name":"Om Rex - Rex","isPartOf":{"@id":"https:\/\/www.rexumea.com\/#website"},"primaryImageOfPage":{"@id":"https:\/\/www.rexumea.com\/om-rex\/#primaryimage"},"image":{"@id":"https:\/\/www.rexumea.com\/om-rex\/#primaryimage"},"thumbnailUrl":"https:\/\/www.rexumea.com\/wp-content\/uploads\/2019\/10\/Om-Rex-1024x403.jpg","datePublished":"2019-10-14T15:53:52+00:00","dateModified":"2019-12-18T07:49:43+00:00","description":"Rex etabl. 1996 firar i \u00e5r 20 \u00e5r i R\u00e5dhuset.","breadcrumb":{"@id":"https:\/\/www.rexumea.com\/om-rex\/#breadcrumb"},"inLanguage":"en-GB","potentialAction":[{"@type":"ReadAction","target":["https:\/\/www.rexumea.com\/om-rex\/"]}]},{"@type":"ImageObject","inLanguage":"en-GB","@id":"https:\/\/www.rexumea.com\/om-rex\/#primaryimage","url":"https:\/\/www.rexumea.com\/wp-content\/uploads\/2019\/10\/Om-Rex-1024x403.jpg","contentUrl":"https:\/\/www.rexumea.com\/wp-content\/uploads\/2019\/10\/Om-Rex-1024x403.jpg"},{"@type":"BreadcrumbList","@id":"https:\/\/www.rexumea.com\/om-rex\/#breadcrumb","itemListElement":[{"@type":"ListItem","position":1,"name":"Hem","item":"https:\/\/www.rexumea.com\/"},{"@type":"ListItem","position":2,"name":"Om Rex"}]},{"@type":"WebSite","@id":"https:\/\/www.rexumea.com\/#website","url":"https:\/\/www.rexumea.com\/","name":"Rex","description":"R\u00e5dhuset i Ume\u00e5","publisher":{"@id":"https:\/\/www.rexumea.com\/#organization"},"potentialAction":[{"@type":"SearchAction","target":{"@type":"EntryPoint","urlTemplate":"https:\/\/www.rexumea.com\/?s={search_term_string}"},"query-input":"required name=search_term_string"}],"inLanguage":"en-GB"},{"@type":"Organization","@id":"https:\/\/www.rexumea.com\/#organization","name":"Rex","url":"https:\/\/www.rexumea.com\/","logo":{"@type":"ImageObject","inLanguage":"en-GB","@id":"https:\/\/www.rexumea.com\/#\/schema\/logo\/image\/","url":"https:\/\/www.rexumea.com\/wp-content\/uploads\/2019\/10\/Rex-guld_2015-1.svg","contentUrl":"https:\/\/www.rexumea.com\/wp-content\/uploads\/2019\/10\/Rex-guld_2015-1.svg","width":144.6,"height":98.58,"caption":"Rex"},"image":{"@id":"https:\/\/www.rexumea.com\/#\/schema\/logo\/image\/"}}]}},"_links":{"self":[{"href":"https:\/\/www.rexumea.com\/en\/wp-json\/wp\/v2\/pages\/32"}],"collection":[{"href":"https:\/\/www.rexumea.com\/en\/wp-json\/wp\/v2\/pages"}],"about":[{"href":"https:\/\/www.rexumea.com\/en\/wp-json\/wp\/v2\/types\/page"}],"author":[{"embeddable":true,"href":"https:\/\/www.rexumea.com\/en\/wp-json\/wp\/v2\/users\/5"}],"replies":[{"embeddable":true,"href":"https:\/\/www.rexumea.com\/en\/wp-json\/wp\/v2\/comments?post=32"}],"version-history":[{"count":5,"href":"https:\/\/www.rexumea.com\/en\/wp-json\/wp\/v2\/pages\/32\/revisions"}],"predecessor-version":[{"id":1108,"href":"https:\/\/www.rexumea.com\/en\/wp-json\/wp\/v2\/pages\/32\/revisions\/1108"}],"wp:attachment":[{"href":"https:\/\/www.rexumea.com\/en\/wp-json\/wp\/v2\/media?parent=32"}],"curies":[{"name":"wp","href":"https:\/\/api.w.org\/{rel}","templated":true}]}}