{"id":614,"date":"2019-10-23T21:05:32","date_gmt":"2019-10-23T19:05:32","guid":{"rendered":"https:\/\/www.rexumea.com\/?page_id=614"},"modified":"2024-09-10T16:26:35","modified_gmt":"2024-09-10T14:26:35","slug":"jobba-pa-rex","status":"publish","type":"page","link":"https:\/\/www.rexumea.com\/en\/om-rex\/jobba-pa-rex\/","title":{"rendered":"Working at Rex"},"content":{"rendered":"<div data-elementor-type=\"wp-page\" data-elementor-id=\"614\" class=\"elementor elementor-614\">\n\t\t\t\t\t\t<section class=\"elementor-section elementor-top-section elementor-element elementor-element-2daed20 elementor-section-boxed elementor-section-height-default elementor-section-height-default\" data-id=\"2daed20\" data-element_type=\"section\" data-settings=\"{&quot;background_background&quot;:&quot;classic&quot;}\">\n\t\t\t\t\t\t<div class=\"elementor-container elementor-column-gap-default\">\n\t\t\t\t\t<div class=\"elementor-column elementor-col-100 elementor-top-column elementor-element elementor-element-4f31d77\" data-id=\"4f31d77\" data-element_type=\"column\">\n\t\t\t<div class=\"elementor-widget-wrap elementor-element-populated\">\n\t\t\t\t\t\t<div class=\"elementor-element elementor-element-e613d50 elementor-widget elementor-widget-image\" data-id=\"e613d50\" data-element_type=\"widget\" data-widget_type=\"image.default\">\n\t\t\t\t<div class=\"elementor-widget-container\">\n\t\t\t\t\t\t\t\t\t\t\t\t\t<img fetchpriority=\"high\" decoding=\"async\" width=\"1024\" height=\"403\" src=\"https:\/\/www.rexumea.com\/wp-content\/uploads\/2019\/10\/Jobba-pa\u030a-Rex-1024x403.jpg\" class=\"attachment-large size-large wp-image-627\" alt=\"\" srcset=\"https:\/\/www.rexumea.com\/wp-content\/uploads\/2019\/10\/Jobba-pa\u030a-Rex-1024x403.jpg 1024w, https:\/\/www.rexumea.com\/wp-content\/uploads\/2019\/10\/Jobba-pa\u030a-Rex-300x118.jpg 300w, https:\/\/www.rexumea.com\/wp-content\/uploads\/2019\/10\/Jobba-pa\u030a-Rex-768x302.jpg 768w, https:\/\/www.rexumea.com\/wp-content\/uploads\/2019\/10\/Jobba-pa\u030a-Rex.jpg 1270w\" sizes=\"(max-width: 1024px) 100vw, 1024px\" \/>\t\t\t\t\t\t\t\t\t\t\t\t\t<\/div>\n\t\t\t\t<\/div>\n\t\t\t\t<section class=\"elementor-section elementor-inner-section elementor-element elementor-element-3e54c92 elementor-section-full_width elementor-section-height-default elementor-section-height-default\" data-id=\"3e54c92\" data-element_type=\"section\">\n\t\t\t\t\t\t<div class=\"elementor-container elementor-column-gap-default\">\n\t\t\t\t\t<div class=\"elementor-column elementor-col-33 elementor-inner-column elementor-element elementor-element-5e3dd50\" data-id=\"5e3dd50\" data-element_type=\"column\">\n\t\t\t<div class=\"elementor-widget-wrap elementor-element-populated\">\n\t\t\t\t\t\t<div class=\"elementor-element elementor-element-6eac2c1 elementor-widget elementor-widget-image\" data-id=\"6eac2c1\" data-element_type=\"widget\" data-widget_type=\"image.default\">\n\t\t\t\t<div class=\"elementor-widget-container\">\n\t\t\t\t\t\t\t\t\t\t\t\t\t<img decoding=\"async\" width=\"118\" height=\"17\" src=\"https:\/\/www.rexumea.com\/wp-content\/uploads\/2019\/10\/deco-border-top-black.svg\" class=\"attachment-medium size-medium wp-image-220\" alt=\"\" \/>\t\t\t\t\t\t\t\t\t\t\t\t\t<\/div>\n\t\t\t\t<\/div>\n\t\t\t\t<div class=\"elementor-element elementor-element-9914d15 elementor-nav-menu__align-center elementor-nav-menu--dropdown-none elementor-widget elementor-widget-nav-menu\" data-id=\"9914d15\" data-element_type=\"widget\" data-settings=\"{&quot;layout&quot;:&quot;vertical&quot;,&quot;submenu_icon&quot;:{&quot;value&quot;:&quot;&lt;i class=\\&quot;\\&quot;&gt;&lt;\\\/i&gt;&quot;,&quot;library&quot;:&quot;&quot;}}\" data-widget_type=\"nav-menu.default\">\n\t\t\t\t<div class=\"elementor-widget-container\">\n\t\t\t\t\t\t<nav migration_allowed=\"1\" migrated=\"0\" role=\"navigation\" class=\"elementor-nav-menu--main elementor-nav-menu__container elementor-nav-menu--layout-vertical e--pointer-none\">\n\t\t\t\t<ul id=\"menu-1-9914d15\" class=\"elementor-nav-menu sm-vertical\"><li class=\"menu-item menu-item-type-post_type menu-item-object-page menu-item-621\"><a href=\"https:\/\/www.rexumea.com\/en\/om-rex\/\" class=\"elementor-item menu-link\">About Rex<\/a><\/li>\n<li class=\"menu-item menu-item-type-post_type menu-item-object-page menu-item-620\"><a href=\"https:\/\/www.rexumea.com\/en\/om-rex\/jobba-pa-rex\/\" class=\"elementor-item menu-link\">Working at Rex<\/a><\/li>\n<li class=\"menu-item menu-item-type-post_type menu-item-object-page menu-item-622\"><a href=\"https:\/\/www.rexumea.com\/en\/om-rex\/radhusets-historia\/\" class=\"elementor-item menu-link\">History of the Town Hall<\/a><\/li>\n<li class=\"menu-item menu-item-type-post_type menu-item-object-page menu-item-623\"><a href=\"https:\/\/www.rexumea.com\/en\/om-rex\/kontakta-oss\/\" class=\"elementor-item menu-link\">Contact us<\/a><\/li>\n<\/ul>\t\t\t<\/nav>\n\t\t\t\t\t<div class=\"elementor-menu-toggle\" role=\"button\" tabindex=\"0\" aria-label=\"Menu Toggle\" aria-expanded=\"false\">\n\t\t\t<i aria-hidden=\"true\" role=\"presentation\" class=\"elementor-menu-toggle__icon--open eicon-menu-bar\"><\/i><i aria-hidden=\"true\" role=\"presentation\" class=\"elementor-menu-toggle__icon--close eicon-close\"><\/i>\t\t\t<span class=\"elementor-screen-only\">Menu<\/span>\n\t\t<\/div>\n\t\t\t<nav class=\"elementor-nav-menu--dropdown elementor-nav-menu__container\" role=\"navigation\" aria-hidden=\"true\">\n\t\t\t\t<ul id=\"menu-2-9914d15\" class=\"elementor-nav-menu sm-vertical\"><li class=\"menu-item menu-item-type-post_type menu-item-object-page menu-item-621\"><a href=\"https:\/\/www.rexumea.com\/en\/om-rex\/\" class=\"elementor-item menu-link\" tabindex=\"-1\">About Rex<\/a><\/li>\n<li class=\"menu-item menu-item-type-post_type menu-item-object-page menu-item-620\"><a href=\"https:\/\/www.rexumea.com\/en\/om-rex\/jobba-pa-rex\/\" class=\"elementor-item menu-link\" tabindex=\"-1\">Working at Rex<\/a><\/li>\n<li class=\"menu-item menu-item-type-post_type menu-item-object-page menu-item-622\"><a href=\"https:\/\/www.rexumea.com\/en\/om-rex\/radhusets-historia\/\" class=\"elementor-item menu-link\" tabindex=\"-1\">History of the Town Hall<\/a><\/li>\n<li class=\"menu-item menu-item-type-post_type menu-item-object-page menu-item-623\"><a href=\"https:\/\/www.rexumea.com\/en\/om-rex\/kontakta-oss\/\" class=\"elementor-item menu-link\" tabindex=\"-1\">Contact us<\/a><\/li>\n<\/ul>\t\t\t<\/nav>\n\t\t\t\t<\/div>\n\t\t\t\t<\/div>\n\t\t\t\t<div class=\"elementor-element elementor-element-2ed801b elementor-widget elementor-widget-image\" data-id=\"2ed801b\" data-element_type=\"widget\" data-widget_type=\"image.default\">\n\t\t\t\t<div class=\"elementor-widget-container\">\n\t\t\t\t\t\t\t\t\t\t\t\t\t<img decoding=\"async\" width=\"118\" height=\"17\" src=\"https:\/\/www.rexumea.com\/wp-content\/uploads\/2019\/10\/deco-border-bottom-black.svg\" class=\"attachment-medium size-medium wp-image-221\" alt=\"\" \/>\t\t\t\t\t\t\t\t\t\t\t\t\t<\/div>\n\t\t\t\t<\/div>\n\t\t\t\t\t<\/div>\n\t\t<\/div>\n\t\t\t\t<div class=\"elementor-column elementor-col-33 elementor-inner-column elementor-element elementor-element-26553f2\" data-id=\"26553f2\" data-element_type=\"column\">\n\t\t\t<div class=\"elementor-widget-wrap elementor-element-populated\">\n\t\t\t\t\t\t<div class=\"elementor-element elementor-element-de2d99a elementor-widget elementor-widget-heading\" data-id=\"de2d99a\" data-element_type=\"widget\" data-widget_type=\"heading.default\">\n\t\t\t\t<div class=\"elementor-widget-container\">\n\t\t\t<h2 class=\"elementor-heading-title elementor-size-default\">JOB AT REX <\/h2>\t\t<\/div>\n\t\t\t\t<\/div>\n\t\t\t\t<div class=\"elementor-element elementor-element-3cbfdf8 elementor-widget elementor-widget-text-editor\" data-id=\"3cbfdf8\" data-element_type=\"widget\" data-widget_type=\"text-editor.default\">\n\t\t\t\t<div class=\"elementor-widget-container\">\n\t\t\t\t\t\t\t<p class=\"ingress\">We value our staff's personality and zest for life, and that everyone brings energy and joy to our team and colleagues.<\/p>\t\t\t\t\t\t<\/div>\n\t\t\t\t<\/div>\n\t\t\t\t<div class=\"elementor-element elementor-element-cbc6b25 elementor-widget elementor-widget-text-editor\" data-id=\"cbc6b25\" data-element_type=\"widget\" data-widget_type=\"text-editor.default\">\n\t\t\t\t<div class=\"elementor-widget-container\">\n\t\t\t\t\t\t\t<p>Do you have a genuine interest in food and drink? Do you like to be where the action is? Do you have a positive attitude and are you made for the service profession? Then you could be the one we're looking for in our service team. At Rex there are great opportunities to develop and climb within the organisation. We look forward to your application!<\/p><p>We are looking for reinforcement in <strong>Servis<\/strong>, <strong>Kitchen<\/strong> &amp; <strong>Bar<\/strong>.<span style=\"font-size: 15px;\">\u00a0<\/span><\/p>\t\t\t\t\t\t<\/div>\n\t\t\t\t<\/div>\n\t\t\t\t\t<\/div>\n\t\t<\/div>\n\t\t\t\t<div class=\"elementor-column elementor-col-33 elementor-inner-column elementor-element elementor-element-4d69957\" data-id=\"4d69957\" data-element_type=\"column\">\n\t\t\t<div class=\"elementor-widget-wrap elementor-element-populated\">\n\t\t\t\t\t\t<div class=\"elementor-element elementor-element-a441084 elementor-widget elementor-widget-text-editor\" data-id=\"a441084\" data-element_type=\"widget\" data-widget_type=\"text-editor.default\">\n\t\t\t\t<div class=\"elementor-widget-container\">\n\t\t\t\t\t\t\t<h4>\u00a0<\/h4><h4>\u00a0<\/h4><h4>\u00a0<\/h4><h4>\u00a0<span style=\"font-size: 1.3333333333333rem; text-transform: inherit;\">APPLICATION<\/span><\/h4><p>Are you the one we are looking for?\u00a0<br \/>Email your CV and cover letter to <a href=\"mailto:lisa.ivesund@rexumea.com\">Lisa Ivesund.<\/a><\/p>\t\t\t\t\t\t<\/div>\n\t\t\t\t<\/div>\n\t\t\t\t\t<\/div>\n\t\t<\/div>\n\t\t\t\t\t<\/div>\n\t\t<\/section>\n\t\t\t\t\t<\/div>\n\t\t<\/div>\n\t\t\t\t\t<\/div>\n\t\t<\/section>\n\t\t\t\t<\/div>","protected":false},"excerpt":{"rendered":"<p>WORKING AT REX We value the personality and zest for life of our staff, and that everyone brings energy and joy to our team and colleagues. Do you have a genuine interest in food and drink? Do you like to be where the action is? Do you have a positive attitude and are you made for the service profession? Then it can ...<\/p>\n<p class=\"read-more\"> <a class=\"\" href=\"https:\/\/www.rexumea.com\/en\/om-rex\/jobba-pa-rex\/\"> <span class=\"screen-reader-text\">Working at Rex<\/span> Read More \"<\/a><\/p>","protected":false},"author":5,"featured_media":0,"parent":32,"menu_order":0,"comment_status":"closed","ping_status":"closed","template":"","meta":{"site-sidebar-layout":"no-sidebar","site-content-layout":"page-builder","ast-global-header-display":"","ast-main-header-display":"","ast-hfb-above-header-display":"","ast-hfb-below-header-display":"","ast-hfb-mobile-header-display":"","site-post-title":"disabled","ast-breadcrumbs-content":"","ast-featured-img":"disabled","footer-sml-layout":"","theme-transparent-header-meta":"default","adv-header-id-meta":"","stick-header-meta":"","header-above-stick-meta":"","header-main-stick-meta":"","header-below-stick-meta":"","footnotes":""},"class_list":["post-614","page","type-page","status-publish","hentry"],"yoast_head":"<!-- This site is optimized with the Yoast SEO plugin v23.3 - https:\/\/yoast.com\/wordpress\/plugins\/seo\/ -->\n<title>Jobba p\u00e5 Rex - Rex<\/title>\n<meta name=\"description\" content=\"Glatt g\u00e4ng s\u00f6ker glada kollegor.\" \/>\n<meta name=\"robots\" content=\"index, follow, max-snippet:-1, max-image-preview:large, max-video-preview:-1\" \/>\n<link rel=\"canonical\" href=\"https:\/\/www.rexumea.com\/en\/om-rex\/jobba-pa-rex\/\" \/>\n<meta property=\"og:locale\" content=\"en_GB\" \/>\n<meta property=\"og:type\" content=\"article\" \/>\n<meta property=\"og:title\" content=\"Jobba p\u00e5 Rex - Rex\" \/>\n<meta property=\"og:description\" content=\"Glatt g\u00e4ng s\u00f6ker glada kollegor.\" \/>\n<meta property=\"og:url\" content=\"https:\/\/www.rexumea.com\/en\/om-rex\/jobba-pa-rex\/\" \/>\n<meta property=\"og:site_name\" content=\"Rex\" \/>\n<meta property=\"article:modified_time\" content=\"2024-09-10T14:26:35+00:00\" \/>\n<meta property=\"og:image\" content=\"https:\/\/www.rexumea.com\/wp-content\/uploads\/2019\/10\/deco-border-top-black.svg\" \/>\n<meta name=\"twitter:card\" content=\"summary_large_image\" \/>\n<meta name=\"twitter:label1\" content=\"Estimated reading time\" \/>\n\t<meta name=\"twitter:data1\" content=\"2 minutes\" \/>\n<script type=\"application\/ld+json\" class=\"yoast-schema-graph\">{\"@context\":\"https:\/\/schema.org\",\"@graph\":[{\"@type\":\"WebPage\",\"@id\":\"https:\/\/www.rexumea.com\/om-rex\/jobba-pa-rex\/\",\"url\":\"https:\/\/www.rexumea.com\/om-rex\/jobba-pa-rex\/\",\"name\":\"Jobba p\u00e5 Rex - Rex\",\"isPartOf\":{\"@id\":\"https:\/\/www.rexumea.com\/#website\"},\"primaryImageOfPage\":{\"@id\":\"https:\/\/www.rexumea.com\/om-rex\/jobba-pa-rex\/#primaryimage\"},\"image\":{\"@id\":\"https:\/\/www.rexumea.com\/om-rex\/jobba-pa-rex\/#primaryimage\"},\"thumbnailUrl\":\"https:\/\/www.rexumea.com\/wp-content\/uploads\/2019\/10\/deco-border-top-black.svg\",\"datePublished\":\"2019-10-23T19:05:32+00:00\",\"dateModified\":\"2024-09-10T14:26:35+00:00\",\"description\":\"Glatt g\u00e4ng s\u00f6ker glada kollegor.\",\"breadcrumb\":{\"@id\":\"https:\/\/www.rexumea.com\/om-rex\/jobba-pa-rex\/#breadcrumb\"},\"inLanguage\":\"en-GB\",\"potentialAction\":[{\"@type\":\"ReadAction\",\"target\":[\"https:\/\/www.rexumea.com\/om-rex\/jobba-pa-rex\/\"]}]},{\"@type\":\"ImageObject\",\"inLanguage\":\"en-GB\",\"@id\":\"https:\/\/www.rexumea.com\/om-rex\/jobba-pa-rex\/#primaryimage\",\"url\":\"https:\/\/www.rexumea.com\/wp-content\/uploads\/2019\/10\/deco-border-top-black.svg\",\"contentUrl\":\"https:\/\/www.rexumea.com\/wp-content\/uploads\/2019\/10\/deco-border-top-black.svg\"},{\"@type\":\"BreadcrumbList\",\"@id\":\"https:\/\/www.rexumea.com\/om-rex\/jobba-pa-rex\/#breadcrumb\",\"itemListElement\":[{\"@type\":\"ListItem\",\"position\":1,\"name\":\"Hem\",\"item\":\"https:\/\/www.rexumea.com\/\"},{\"@type\":\"ListItem\",\"position\":2,\"name\":\"Om Rex\",\"item\":\"https:\/\/www.rexumea.com\/om-rex\/\"},{\"@type\":\"ListItem\",\"position\":3,\"name\":\"Jobba p\u00e5 Rex\"}]},{\"@type\":\"WebSite\",\"@id\":\"https:\/\/www.rexumea.com\/#website\",\"url\":\"https:\/\/www.rexumea.com\/\",\"name\":\"Rex\",\"description\":\"R\u00e5dhuset i Ume\u00e5\",\"publisher\":{\"@id\":\"https:\/\/www.rexumea.com\/#organization\"},\"potentialAction\":[{\"@type\":\"SearchAction\",\"target\":{\"@type\":\"EntryPoint\",\"urlTemplate\":\"https:\/\/www.rexumea.com\/?s={search_term_string}\"},\"query-input\":\"required name=search_term_string\"}],\"inLanguage\":\"en-GB\"},{\"@type\":\"Organization\",\"@id\":\"https:\/\/www.rexumea.com\/#organization\",\"name\":\"Rex\",\"url\":\"https:\/\/www.rexumea.com\/\",\"logo\":{\"@type\":\"ImageObject\",\"inLanguage\":\"en-GB\",\"@id\":\"https:\/\/www.rexumea.com\/#\/schema\/logo\/image\/\",\"url\":\"https:\/\/www.rexumea.com\/wp-content\/uploads\/2019\/10\/Rex-guld_2015-1.svg\",\"contentUrl\":\"https:\/\/www.rexumea.com\/wp-content\/uploads\/2019\/10\/Rex-guld_2015-1.svg\",\"width\":144.6,\"height\":98.58,\"caption\":\"Rex\"},\"image\":{\"@id\":\"https:\/\/www.rexumea.com\/#\/schema\/logo\/image\/\"}}]}<\/script>\n<!-- \/ Yoast SEO plugin. -->","yoast_head_json":{"title":"Jobba p\u00e5 Rex - Rex","description":"Glatt g\u00e4ng s\u00f6ker glada kollegor.","robots":{"index":"index","follow":"follow","max-snippet":"max-snippet:-1","max-image-preview":"max-image-preview:large","max-video-preview":"max-video-preview:-1"},"canonical":"https:\/\/www.rexumea.com\/en\/om-rex\/jobba-pa-rex\/","og_locale":"en_GB","og_type":"article","og_title":"Jobba p\u00e5 Rex - Rex","og_description":"Glatt g\u00e4ng s\u00f6ker glada kollegor.","og_url":"https:\/\/www.rexumea.com\/en\/om-rex\/jobba-pa-rex\/","og_site_name":"Rex","article_modified_time":"2024-09-10T14:26:35+00:00","og_image":[{"url":"https:\/\/www.rexumea.com\/wp-content\/uploads\/2019\/10\/deco-border-top-black.svg"}],"twitter_card":"summary_large_image","twitter_misc":{"Estimated reading time":"2 minutes"},"schema":{"@context":"https:\/\/schema.org","@graph":[{"@type":"WebPage","@id":"https:\/\/www.rexumea.com\/om-rex\/jobba-pa-rex\/","url":"https:\/\/www.rexumea.com\/om-rex\/jobba-pa-rex\/","name":"Jobba p\u00e5 Rex - Rex","isPartOf":{"@id":"https:\/\/www.rexumea.com\/#website"},"primaryImageOfPage":{"@id":"https:\/\/www.rexumea.com\/om-rex\/jobba-pa-rex\/#primaryimage"},"image":{"@id":"https:\/\/www.rexumea.com\/om-rex\/jobba-pa-rex\/#primaryimage"},"thumbnailUrl":"https:\/\/www.rexumea.com\/wp-content\/uploads\/2019\/10\/deco-border-top-black.svg","datePublished":"2019-10-23T19:05:32+00:00","dateModified":"2024-09-10T14:26:35+00:00","description":"Glatt g\u00e4ng s\u00f6ker glada kollegor.","breadcrumb":{"@id":"https:\/\/www.rexumea.com\/om-rex\/jobba-pa-rex\/#breadcrumb"},"inLanguage":"en-GB","potentialAction":[{"@type":"ReadAction","target":["https:\/\/www.rexumea.com\/om-rex\/jobba-pa-rex\/"]}]},{"@type":"ImageObject","inLanguage":"en-GB","@id":"https:\/\/www.rexumea.com\/om-rex\/jobba-pa-rex\/#primaryimage","url":"https:\/\/www.rexumea.com\/wp-content\/uploads\/2019\/10\/deco-border-top-black.svg","contentUrl":"https:\/\/www.rexumea.com\/wp-content\/uploads\/2019\/10\/deco-border-top-black.svg"},{"@type":"BreadcrumbList","@id":"https:\/\/www.rexumea.com\/om-rex\/jobba-pa-rex\/#breadcrumb","itemListElement":[{"@type":"ListItem","position":1,"name":"Hem","item":"https:\/\/www.rexumea.com\/"},{"@type":"ListItem","position":2,"name":"Om Rex","item":"https:\/\/www.rexumea.com\/om-rex\/"},{"@type":"ListItem","position":3,"name":"Jobba p\u00e5 Rex"}]},{"@type":"WebSite","@id":"https:\/\/www.rexumea.com\/#website","url":"https:\/\/www.rexumea.com\/","name":"Rex","description":"R\u00e5dhuset i Ume\u00e5","publisher":{"@id":"https:\/\/www.rexumea.com\/#organization"},"potentialAction":[{"@type":"SearchAction","target":{"@type":"EntryPoint","urlTemplate":"https:\/\/www.rexumea.com\/?s={search_term_string}"},"query-input":"required name=search_term_string"}],"inLanguage":"en-GB"},{"@type":"Organization","@id":"https:\/\/www.rexumea.com\/#organization","name":"Rex","url":"https:\/\/www.rexumea.com\/","logo":{"@type":"ImageObject","inLanguage":"en-GB","@id":"https:\/\/www.rexumea.com\/#\/schema\/logo\/image\/","url":"https:\/\/www.rexumea.com\/wp-content\/uploads\/2019\/10\/Rex-guld_2015-1.svg","contentUrl":"https:\/\/www.rexumea.com\/wp-content\/uploads\/2019\/10\/Rex-guld_2015-1.svg","width":144.6,"height":98.58,"caption":"Rex"},"image":{"@id":"https:\/\/www.rexumea.com\/#\/schema\/logo\/image\/"}}]}},"_links":{"self":[{"href":"https:\/\/www.rexumea.com\/en\/wp-json\/wp\/v2\/pages\/614"}],"collection":[{"href":"https:\/\/www.rexumea.com\/en\/wp-json\/wp\/v2\/pages"}],"about":[{"href":"https:\/\/www.rexumea.com\/en\/wp-json\/wp\/v2\/types\/page"}],"author":[{"embeddable":true,"href":"https:\/\/www.rexumea.com\/en\/wp-json\/wp\/v2\/users\/5"}],"replies":[{"embeddable":true,"href":"https:\/\/www.rexumea.com\/en\/wp-json\/wp\/v2\/comments?post=614"}],"version-history":[{"count":17,"href":"https:\/\/www.rexumea.com\/en\/wp-json\/wp\/v2\/pages\/614\/revisions"}],"predecessor-version":[{"id":4976,"href":"https:\/\/www.rexumea.com\/en\/wp-json\/wp\/v2\/pages\/614\/revisions\/4976"}],"up":[{"embeddable":true,"href":"https:\/\/www.rexumea.com\/en\/wp-json\/wp\/v2\/pages\/32"}],"wp:attachment":[{"href":"https:\/\/www.rexumea.com\/en\/wp-json\/wp\/v2\/media?parent=614"}],"curies":[{"name":"wp","href":"https:\/\/api.w.org\/{rel}","templated":true}]}}