{"id":616,"date":"2019-10-23T21:05:53","date_gmt":"2019-10-23T19:05:53","guid":{"rendered":"https:\/\/www.rexumea.com\/?page_id=616"},"modified":"2021-03-12T13:27:44","modified_gmt":"2021-03-12T12:27:44","slug":"radhusets-historia","status":"publish","type":"page","link":"https:\/\/www.rexumea.com\/en\/om-rex\/radhusets-historia\/","title":{"rendered":"History of the Town Hall"},"content":{"rendered":"<div data-elementor-type=\"wp-page\" data-elementor-id=\"616\" class=\"elementor elementor-616\">\n\t\t\t\t\t\t<section class=\"elementor-section elementor-top-section elementor-element elementor-element-b797e76 elementor-section-boxed elementor-section-height-default elementor-section-height-default\" data-id=\"b797e76\" data-element_type=\"section\" data-settings=\"{&quot;background_background&quot;:&quot;classic&quot;}\">\n\t\t\t\t\t\t<div class=\"elementor-container elementor-column-gap-default\">\n\t\t\t\t\t<div class=\"elementor-column elementor-col-100 elementor-top-column elementor-element elementor-element-a782281\" data-id=\"a782281\" data-element_type=\"column\">\n\t\t\t<div class=\"elementor-widget-wrap elementor-element-populated\">\n\t\t\t\t\t\t<div class=\"elementor-element elementor-element-41c1bea elementor-widget elementor-widget-image\" data-id=\"41c1bea\" data-element_type=\"widget\" data-widget_type=\"image.default\">\n\t\t\t\t<div class=\"elementor-widget-container\">\n\t\t\t\t\t\t\t\t\t\t\t\t\t<img fetchpriority=\"high\" decoding=\"async\" width=\"1024\" height=\"403\" src=\"https:\/\/www.rexumea.com\/wp-content\/uploads\/2019\/10\/7a08aec9e7447496feb52fd9cf98fd-1024x403.jpg\" class=\"attachment-large size-large wp-image-628\" alt=\"\" srcset=\"https:\/\/www.rexumea.com\/wp-content\/uploads\/2019\/10\/7a08aec9e7447496feb52fd9cf98fd-1024x403.jpg 1024w, https:\/\/www.rexumea.com\/wp-content\/uploads\/2019\/10\/7a08aec9e7447496feb52fd9cf98fd-300x118.jpg 300w, https:\/\/www.rexumea.com\/wp-content\/uploads\/2019\/10\/7a08aec9e7447496feb52fd9cf98fd-768x302.jpg 768w, https:\/\/www.rexumea.com\/wp-content\/uploads\/2019\/10\/7a08aec9e7447496feb52fd9cf98fd.jpg 1270w\" sizes=\"(max-width: 1024px) 100vw, 1024px\" \/>\t\t\t\t\t\t\t\t\t\t\t\t\t<\/div>\n\t\t\t\t<\/div>\n\t\t\t\t<section class=\"elementor-section elementor-inner-section elementor-element elementor-element-562d656 elementor-section-boxed elementor-section-height-default elementor-section-height-default\" data-id=\"562d656\" data-element_type=\"section\">\n\t\t\t\t\t\t<div class=\"elementor-container elementor-column-gap-default\">\n\t\t\t\t\t<div class=\"elementor-column elementor-col-33 elementor-inner-column elementor-element elementor-element-cdcfcdb\" data-id=\"cdcfcdb\" data-element_type=\"column\">\n\t\t\t<div class=\"elementor-widget-wrap elementor-element-populated\">\n\t\t\t\t\t\t<div class=\"elementor-element elementor-element-a55b447 elementor-widget elementor-widget-image\" data-id=\"a55b447\" data-element_type=\"widget\" data-widget_type=\"image.default\">\n\t\t\t\t<div class=\"elementor-widget-container\">\n\t\t\t\t\t\t\t\t\t\t\t\t\t<img decoding=\"async\" width=\"118\" height=\"17\" src=\"https:\/\/www.rexumea.com\/wp-content\/uploads\/2019\/10\/deco-border-top-black.svg\" class=\"attachment-medium size-medium wp-image-220\" alt=\"\" \/>\t\t\t\t\t\t\t\t\t\t\t\t\t<\/div>\n\t\t\t\t<\/div>\n\t\t\t\t<div class=\"elementor-element elementor-element-c26e435 elementor-nav-menu__align-center elementor-nav-menu--dropdown-none elementor-widget elementor-widget-nav-menu\" data-id=\"c26e435\" data-element_type=\"widget\" data-settings=\"{&quot;layout&quot;:&quot;vertical&quot;,&quot;submenu_icon&quot;:{&quot;value&quot;:&quot;&lt;i class=\\&quot;\\&quot;&gt;&lt;\\\/i&gt;&quot;,&quot;library&quot;:&quot;&quot;}}\" data-widget_type=\"nav-menu.default\">\n\t\t\t\t<div class=\"elementor-widget-container\">\n\t\t\t\t\t\t<nav migration_allowed=\"1\" migrated=\"0\" role=\"navigation\" class=\"elementor-nav-menu--main elementor-nav-menu__container elementor-nav-menu--layout-vertical e--pointer-underline e--animation-fade\">\n\t\t\t\t<ul id=\"menu-1-c26e435\" class=\"elementor-nav-menu sm-vertical\"><li class=\"menu-item menu-item-type-post_type menu-item-object-page menu-item-621\"><a href=\"https:\/\/www.rexumea.com\/en\/om-rex\/\" class=\"elementor-item menu-link\">About Rex<\/a><\/li>\n<li class=\"menu-item menu-item-type-post_type menu-item-object-page menu-item-620\"><a href=\"https:\/\/www.rexumea.com\/en\/om-rex\/jobba-pa-rex\/\" class=\"elementor-item menu-link\">Working at Rex<\/a><\/li>\n<li class=\"menu-item menu-item-type-post_type menu-item-object-page menu-item-622\"><a href=\"https:\/\/www.rexumea.com\/en\/om-rex\/radhusets-historia\/\" class=\"elementor-item menu-link\">History of the Town Hall<\/a><\/li>\n<li class=\"menu-item menu-item-type-post_type menu-item-object-page menu-item-623\"><a href=\"https:\/\/www.rexumea.com\/en\/om-rex\/kontakta-oss\/\" class=\"elementor-item menu-link\">Contact us<\/a><\/li>\n<\/ul>\t\t\t<\/nav>\n\t\t\t\t\t<div class=\"elementor-menu-toggle\" role=\"button\" tabindex=\"0\" aria-label=\"Menu Toggle\" aria-expanded=\"false\">\n\t\t\t<i aria-hidden=\"true\" role=\"presentation\" class=\"elementor-menu-toggle__icon--open eicon-menu-bar\"><\/i><i aria-hidden=\"true\" role=\"presentation\" class=\"elementor-menu-toggle__icon--close eicon-close\"><\/i>\t\t\t<span class=\"elementor-screen-only\">Menu<\/span>\n\t\t<\/div>\n\t\t\t<nav class=\"elementor-nav-menu--dropdown elementor-nav-menu__container\" role=\"navigation\" aria-hidden=\"true\">\n\t\t\t\t<ul id=\"menu-2-c26e435\" class=\"elementor-nav-menu sm-vertical\"><li class=\"menu-item menu-item-type-post_type menu-item-object-page menu-item-621\"><a href=\"https:\/\/www.rexumea.com\/en\/om-rex\/\" class=\"elementor-item menu-link\" tabindex=\"-1\">About Rex<\/a><\/li>\n<li class=\"menu-item menu-item-type-post_type menu-item-object-page menu-item-620\"><a href=\"https:\/\/www.rexumea.com\/en\/om-rex\/jobba-pa-rex\/\" class=\"elementor-item menu-link\" tabindex=\"-1\">Working at Rex<\/a><\/li>\n<li class=\"menu-item menu-item-type-post_type menu-item-object-page menu-item-622\"><a href=\"https:\/\/www.rexumea.com\/en\/om-rex\/radhusets-historia\/\" class=\"elementor-item menu-link\" tabindex=\"-1\">History of the Town Hall<\/a><\/li>\n<li class=\"menu-item menu-item-type-post_type menu-item-object-page menu-item-623\"><a href=\"https:\/\/www.rexumea.com\/en\/om-rex\/kontakta-oss\/\" class=\"elementor-item menu-link\" tabindex=\"-1\">Contact us<\/a><\/li>\n<\/ul>\t\t\t<\/nav>\n\t\t\t\t<\/div>\n\t\t\t\t<\/div>\n\t\t\t\t<div class=\"elementor-element elementor-element-89d4c3d elementor-widget elementor-widget-image\" data-id=\"89d4c3d\" data-element_type=\"widget\" data-widget_type=\"image.default\">\n\t\t\t\t<div class=\"elementor-widget-container\">\n\t\t\t\t\t\t\t\t\t\t\t\t\t<img decoding=\"async\" width=\"118\" height=\"17\" src=\"https:\/\/www.rexumea.com\/wp-content\/uploads\/2019\/10\/deco-border-bottom-black.svg\" class=\"attachment-medium size-medium wp-image-221\" alt=\"\" \/>\t\t\t\t\t\t\t\t\t\t\t\t\t<\/div>\n\t\t\t\t<\/div>\n\t\t\t\t\t<\/div>\n\t\t<\/div>\n\t\t\t\t<div class=\"elementor-column elementor-col-33 elementor-inner-column elementor-element elementor-element-ff9b696\" data-id=\"ff9b696\" data-element_type=\"column\">\n\t\t\t<div class=\"elementor-widget-wrap elementor-element-populated\">\n\t\t\t\t\t\t<div class=\"elementor-element elementor-element-23d8aca elementor-widget elementor-widget-heading\" data-id=\"23d8aca\" data-element_type=\"widget\" data-widget_type=\"heading.default\">\n\t\t\t\t<div class=\"elementor-widget-container\">\n\t\t\t<h1 class=\"elementor-heading-title elementor-size-default\">HISTORY OF THE TOWN HALL<\/h1>\t\t<\/div>\n\t\t\t\t<\/div>\n\t\t\t\t<div class=\"elementor-element elementor-element-26f8f5f elementor-widget elementor-widget-text-editor\" data-id=\"26f8f5f\" data-element_type=\"widget\" data-widget_type=\"text-editor.default\">\n\t\t\t\t<div class=\"elementor-widget-container\">\n\t\t\t\t\t\t\t<p class=\"ingress\">R\u00e5dhustorget - Ume\u00e5's centre since the 17th century.<br \/>In 1888, Ume\u00e5 was hit by a devastating fire.<br \/>The old Town Hall was one of many buildings that fell victim to the flames.<\/p>\t\t\t\t\t\t<\/div>\n\t\t\t\t<\/div>\n\t\t\t\t<div class=\"elementor-element elementor-element-cc2dd79 elementor-widget elementor-widget-text-editor\" data-id=\"cc2dd79\" data-element_type=\"widget\" data-widget_type=\"text-editor.default\">\n\t\t\t\t<div class=\"elementor-widget-container\">\n\t\t\t\t\t\t\t<p>After the fire, the Town Hall was rebuilt. The town hall, completed in 1892, was designed by F.O Lindstr\u00f6m, the city's first urban architect. With its representative exterior, it is reminiscent of the Dutch Renaissance style. It was said to be the resurrection of the new Ume\u00e5 from the rubble of the old.<\/p><p>When the city was rebuilt after the fire, the river was still the main communication route. That's why all the buildings in the city centre face the water, including the Town Hall. The opening of the railway station a few years later was expected to attract a royal visit, which resulted in the Town Hall being given another \"front\", the one that today faces the Town Hall Square.<\/p><p>Originally, the Town Hall housed the judiciary, police &amp; prosecutors, telegraph station, post office, and auction house. The Post &amp; Telegraph then moved to the Riksbank building, which was completed in 1902, while the police force remained until 1938 when they were given their own police house. Today, the city administration is housed in the old K4 premises.<br \/>The Town Hall was used by the District Court until 1994.<\/p><p>After two years of reconstruction, the \"new\" Town Hall was opened. The old police premises are now home to Rex Brasserie, the old courtroom is now the Town Hall's banquet hall and other parts of the building include our conference rooms, Juliette and the Town Hall Cellar. On the upper floor there is also a ceremony room.<\/p>\t\t\t\t\t\t<\/div>\n\t\t\t\t<\/div>\n\t\t\t\t\t<\/div>\n\t\t<\/div>\n\t\t\t\t<div class=\"elementor-column elementor-col-33 elementor-inner-column elementor-element elementor-element-f04ff03\" data-id=\"f04ff03\" data-element_type=\"column\">\n\t\t\t<div class=\"elementor-widget-wrap elementor-element-populated\">\n\t\t\t\t\t\t\t<\/div>\n\t\t<\/div>\n\t\t\t\t\t<\/div>\n\t\t<\/section>\n\t\t\t\t\t<\/div>\n\t\t<\/div>\n\t\t\t\t\t<\/div>\n\t\t<\/section>\n\t\t\t\t<\/div>","protected":false},"excerpt":{"rendered":"<p>HISTORY OF THE TOWNHOUSE R\u00e5dhustorget - the centre of Ume\u00e5 since the 17th century.In 1888 Ume\u00e5 suffered a devastating fire.The old town hall was one of many buildings that fell victim to the flames. After the fire, R\u00e5dhusesplanden was built. The Town Hall, completed in 1892, was designed by F.O Lindstr\u00f6m, the city's first urban architect. With its prestigious exterior, it is related to the Dutch Renaissance style. It was said ...<\/p>\n<p class=\"read-more\"> <a class=\"\" href=\"https:\/\/www.rexumea.com\/en\/om-rex\/radhusets-historia\/\"> <span class=\"screen-reader-text\">History of the Town Hall<\/span> Read More \"<\/a><\/p>","protected":false},"author":5,"featured_media":0,"parent":32,"menu_order":0,"comment_status":"closed","ping_status":"closed","template":"","meta":{"site-sidebar-layout":"no-sidebar","site-content-layout":"page-builder","ast-global-header-display":"","ast-main-header-display":"","ast-hfb-above-header-display":"","ast-hfb-below-header-display":"","ast-hfb-mobile-header-display":"","site-post-title":"disabled","ast-breadcrumbs-content":"","ast-featured-img":"disabled","footer-sml-layout":"","theme-transparent-header-meta":"default","adv-header-id-meta":"","stick-header-meta":"","header-above-stick-meta":"","header-main-stick-meta":"","header-below-stick-meta":"","footnotes":""},"class_list":["post-616","page","type-page","status-publish","hentry"],"yoast_head":"<!-- This site is optimized with the Yoast SEO plugin v23.3 - https:\/\/yoast.com\/wordpress\/plugins\/seo\/ -->\n<title>R\u00e5dhusets Historia - Rex<\/title>\n<meta name=\"description\" content=\"R\u00e5dhuset Anno 1892 - Idag n\u00f6jeshuset Rex.\" \/>\n<meta name=\"robots\" content=\"index, follow, max-snippet:-1, max-image-preview:large, max-video-preview:-1\" \/>\n<link rel=\"canonical\" href=\"https:\/\/www.rexumea.com\/en\/om-rex\/radhusets-historia\/\" \/>\n<meta property=\"og:locale\" content=\"en_GB\" \/>\n<meta property=\"og:type\" content=\"article\" \/>\n<meta property=\"og:title\" content=\"R\u00e5dhusets Historia - Rex\" \/>\n<meta property=\"og:description\" content=\"R\u00e5dhuset Anno 1892 - Idag n\u00f6jeshuset Rex.\" \/>\n<meta property=\"og:url\" content=\"https:\/\/www.rexumea.com\/en\/om-rex\/radhusets-historia\/\" \/>\n<meta property=\"og:site_name\" content=\"Rex\" \/>\n<meta property=\"article:modified_time\" content=\"2021-03-12T12:27:44+00:00\" \/>\n<meta property=\"og:image\" content=\"https:\/\/www.rexumea.com\/wp-content\/uploads\/2019\/10\/7a08aec9e7447496feb52fd9cf98fd-1024x403.jpg\" \/>\n<meta name=\"twitter:card\" content=\"summary_large_image\" \/>\n<meta name=\"twitter:label1\" content=\"Estimated reading time\" \/>\n\t<meta name=\"twitter:data1\" content=\"1 minute\" \/>\n<script type=\"application\/ld+json\" class=\"yoast-schema-graph\">{\"@context\":\"https:\/\/schema.org\",\"@graph\":[{\"@type\":\"WebPage\",\"@id\":\"https:\/\/www.rexumea.com\/om-rex\/radhusets-historia\/\",\"url\":\"https:\/\/www.rexumea.com\/om-rex\/radhusets-historia\/\",\"name\":\"R\u00e5dhusets Historia - Rex\",\"isPartOf\":{\"@id\":\"https:\/\/www.rexumea.com\/#website\"},\"primaryImageOfPage\":{\"@id\":\"https:\/\/www.rexumea.com\/om-rex\/radhusets-historia\/#primaryimage\"},\"image\":{\"@id\":\"https:\/\/www.rexumea.com\/om-rex\/radhusets-historia\/#primaryimage\"},\"thumbnailUrl\":\"https:\/\/www.rexumea.com\/wp-content\/uploads\/2019\/10\/7a08aec9e7447496feb52fd9cf98fd-1024x403.jpg\",\"datePublished\":\"2019-10-23T19:05:53+00:00\",\"dateModified\":\"2021-03-12T12:27:44+00:00\",\"description\":\"R\u00e5dhuset Anno 1892 - Idag n\u00f6jeshuset Rex.\",\"breadcrumb\":{\"@id\":\"https:\/\/www.rexumea.com\/om-rex\/radhusets-historia\/#breadcrumb\"},\"inLanguage\":\"en-GB\",\"potentialAction\":[{\"@type\":\"ReadAction\",\"target\":[\"https:\/\/www.rexumea.com\/om-rex\/radhusets-historia\/\"]}]},{\"@type\":\"ImageObject\",\"inLanguage\":\"en-GB\",\"@id\":\"https:\/\/www.rexumea.com\/om-rex\/radhusets-historia\/#primaryimage\",\"url\":\"https:\/\/www.rexumea.com\/wp-content\/uploads\/2019\/10\/7a08aec9e7447496feb52fd9cf98fd-1024x403.jpg\",\"contentUrl\":\"https:\/\/www.rexumea.com\/wp-content\/uploads\/2019\/10\/7a08aec9e7447496feb52fd9cf98fd-1024x403.jpg\"},{\"@type\":\"BreadcrumbList\",\"@id\":\"https:\/\/www.rexumea.com\/om-rex\/radhusets-historia\/#breadcrumb\",\"itemListElement\":[{\"@type\":\"ListItem\",\"position\":1,\"name\":\"Hem\",\"item\":\"https:\/\/www.rexumea.com\/\"},{\"@type\":\"ListItem\",\"position\":2,\"name\":\"Om Rex\",\"item\":\"https:\/\/www.rexumea.com\/om-rex\/\"},{\"@type\":\"ListItem\",\"position\":3,\"name\":\"R\u00e5dhusets Historia\"}]},{\"@type\":\"WebSite\",\"@id\":\"https:\/\/www.rexumea.com\/#website\",\"url\":\"https:\/\/www.rexumea.com\/\",\"name\":\"Rex\",\"description\":\"R\u00e5dhuset i Ume\u00e5\",\"publisher\":{\"@id\":\"https:\/\/www.rexumea.com\/#organization\"},\"potentialAction\":[{\"@type\":\"SearchAction\",\"target\":{\"@type\":\"EntryPoint\",\"urlTemplate\":\"https:\/\/www.rexumea.com\/?s={search_term_string}\"},\"query-input\":\"required name=search_term_string\"}],\"inLanguage\":\"en-GB\"},{\"@type\":\"Organization\",\"@id\":\"https:\/\/www.rexumea.com\/#organization\",\"name\":\"Rex\",\"url\":\"https:\/\/www.rexumea.com\/\",\"logo\":{\"@type\":\"ImageObject\",\"inLanguage\":\"en-GB\",\"@id\":\"https:\/\/www.rexumea.com\/#\/schema\/logo\/image\/\",\"url\":\"https:\/\/www.rexumea.com\/wp-content\/uploads\/2019\/10\/Rex-guld_2015-1.svg\",\"contentUrl\":\"https:\/\/www.rexumea.com\/wp-content\/uploads\/2019\/10\/Rex-guld_2015-1.svg\",\"width\":144.6,\"height\":98.58,\"caption\":\"Rex\"},\"image\":{\"@id\":\"https:\/\/www.rexumea.com\/#\/schema\/logo\/image\/\"}}]}<\/script>\n<!-- \/ Yoast SEO plugin. -->","yoast_head_json":{"title":"R\u00e5dhusets Historia - Rex","description":"R\u00e5dhuset Anno 1892 - Idag n\u00f6jeshuset Rex.","robots":{"index":"index","follow":"follow","max-snippet":"max-snippet:-1","max-image-preview":"max-image-preview:large","max-video-preview":"max-video-preview:-1"},"canonical":"https:\/\/www.rexumea.com\/en\/om-rex\/radhusets-historia\/","og_locale":"en_GB","og_type":"article","og_title":"R\u00e5dhusets Historia - Rex","og_description":"R\u00e5dhuset Anno 1892 - Idag n\u00f6jeshuset Rex.","og_url":"https:\/\/www.rexumea.com\/en\/om-rex\/radhusets-historia\/","og_site_name":"Rex","article_modified_time":"2021-03-12T12:27:44+00:00","og_image":[{"url":"https:\/\/www.rexumea.com\/wp-content\/uploads\/2019\/10\/7a08aec9e7447496feb52fd9cf98fd-1024x403.jpg"}],"twitter_card":"summary_large_image","twitter_misc":{"Estimated reading time":"1 minute"},"schema":{"@context":"https:\/\/schema.org","@graph":[{"@type":"WebPage","@id":"https:\/\/www.rexumea.com\/om-rex\/radhusets-historia\/","url":"https:\/\/www.rexumea.com\/om-rex\/radhusets-historia\/","name":"R\u00e5dhusets Historia - Rex","isPartOf":{"@id":"https:\/\/www.rexumea.com\/#website"},"primaryImageOfPage":{"@id":"https:\/\/www.rexumea.com\/om-rex\/radhusets-historia\/#primaryimage"},"image":{"@id":"https:\/\/www.rexumea.com\/om-rex\/radhusets-historia\/#primaryimage"},"thumbnailUrl":"https:\/\/www.rexumea.com\/wp-content\/uploads\/2019\/10\/7a08aec9e7447496feb52fd9cf98fd-1024x403.jpg","datePublished":"2019-10-23T19:05:53+00:00","dateModified":"2021-03-12T12:27:44+00:00","description":"R\u00e5dhuset Anno 1892 - Idag n\u00f6jeshuset Rex.","breadcrumb":{"@id":"https:\/\/www.rexumea.com\/om-rex\/radhusets-historia\/#breadcrumb"},"inLanguage":"en-GB","potentialAction":[{"@type":"ReadAction","target":["https:\/\/www.rexumea.com\/om-rex\/radhusets-historia\/"]}]},{"@type":"ImageObject","inLanguage":"en-GB","@id":"https:\/\/www.rexumea.com\/om-rex\/radhusets-historia\/#primaryimage","url":"https:\/\/www.rexumea.com\/wp-content\/uploads\/2019\/10\/7a08aec9e7447496feb52fd9cf98fd-1024x403.jpg","contentUrl":"https:\/\/www.rexumea.com\/wp-content\/uploads\/2019\/10\/7a08aec9e7447496feb52fd9cf98fd-1024x403.jpg"},{"@type":"BreadcrumbList","@id":"https:\/\/www.rexumea.com\/om-rex\/radhusets-historia\/#breadcrumb","itemListElement":[{"@type":"ListItem","position":1,"name":"Hem","item":"https:\/\/www.rexumea.com\/"},{"@type":"ListItem","position":2,"name":"Om Rex","item":"https:\/\/www.rexumea.com\/om-rex\/"},{"@type":"ListItem","position":3,"name":"R\u00e5dhusets Historia"}]},{"@type":"WebSite","@id":"https:\/\/www.rexumea.com\/#website","url":"https:\/\/www.rexumea.com\/","name":"Rex","description":"R\u00e5dhuset i Ume\u00e5","publisher":{"@id":"https:\/\/www.rexumea.com\/#organization"},"potentialAction":[{"@type":"SearchAction","target":{"@type":"EntryPoint","urlTemplate":"https:\/\/www.rexumea.com\/?s={search_term_string}"},"query-input":"required name=search_term_string"}],"inLanguage":"en-GB"},{"@type":"Organization","@id":"https:\/\/www.rexumea.com\/#organization","name":"Rex","url":"https:\/\/www.rexumea.com\/","logo":{"@type":"ImageObject","inLanguage":"en-GB","@id":"https:\/\/www.rexumea.com\/#\/schema\/logo\/image\/","url":"https:\/\/www.rexumea.com\/wp-content\/uploads\/2019\/10\/Rex-guld_2015-1.svg","contentUrl":"https:\/\/www.rexumea.com\/wp-content\/uploads\/2019\/10\/Rex-guld_2015-1.svg","width":144.6,"height":98.58,"caption":"Rex"},"image":{"@id":"https:\/\/www.rexumea.com\/#\/schema\/logo\/image\/"}}]}},"_links":{"self":[{"href":"https:\/\/www.rexumea.com\/en\/wp-json\/wp\/v2\/pages\/616"}],"collection":[{"href":"https:\/\/www.rexumea.com\/en\/wp-json\/wp\/v2\/pages"}],"about":[{"href":"https:\/\/www.rexumea.com\/en\/wp-json\/wp\/v2\/types\/page"}],"author":[{"embeddable":true,"href":"https:\/\/www.rexumea.com\/en\/wp-json\/wp\/v2\/users\/5"}],"replies":[{"embeddable":true,"href":"https:\/\/www.rexumea.com\/en\/wp-json\/wp\/v2\/comments?post=616"}],"version-history":[{"count":5,"href":"https:\/\/www.rexumea.com\/en\/wp-json\/wp\/v2\/pages\/616\/revisions"}],"predecessor-version":[{"id":1717,"href":"https:\/\/www.rexumea.com\/en\/wp-json\/wp\/v2\/pages\/616\/revisions\/1717"}],"up":[{"embeddable":true,"href":"https:\/\/www.rexumea.com\/en\/wp-json\/wp\/v2\/pages\/32"}],"wp:attachment":[{"href":"https:\/\/www.rexumea.com\/en\/wp-json\/wp\/v2\/media?parent=616"}],"curies":[{"name":"wp","href":"https:\/\/api.w.org\/{rel}","templated":true}]}}