{"id":829,"date":"2019-11-04T20:02:43","date_gmt":"2019-11-04T19:02:43","guid":{"rendered":"https:\/\/www.rexumea.com\/?page_id=829"},"modified":"2019-11-04T20:13:30","modified_gmt":"2019-11-04T19:13:30","slug":"eng-version-radhuskallaren","status":"publish","type":"page","link":"https:\/\/www.rexumea.com\/en\/eng-version-welcome-to-rex\/eng-version-radhuskallaren\/","title":{"rendered":"ENG version: Town Hall Basement"},"content":{"rendered":"<div data-elementor-type=\"wp-page\" data-elementor-id=\"829\" class=\"elementor elementor-829\">\n\t\t\t\t\t\t<section class=\"elementor-section elementor-top-section elementor-element elementor-element-38894ab elementor-section-boxed elementor-section-height-default elementor-section-height-default\" data-id=\"38894ab\" data-element_type=\"section\" data-settings=\"{&quot;background_background&quot;:&quot;classic&quot;}\">\n\t\t\t\t\t\t<div class=\"elementor-container elementor-column-gap-default\">\n\t\t\t\t\t<div class=\"elementor-column elementor-col-100 elementor-top-column elementor-element elementor-element-b3c2fba\" data-id=\"b3c2fba\" data-element_type=\"column\">\n\t\t\t<div class=\"elementor-widget-wrap elementor-element-populated\">\n\t\t\t\t\t\t<div class=\"elementor-element elementor-element-3809e76 elementor-widget elementor-widget-image\" data-id=\"3809e76\" data-element_type=\"widget\" data-widget_type=\"image.default\">\n\t\t\t\t<div class=\"elementor-widget-container\">\n\t\t\t\t\t\t\t\t\t\t\t\t\t<img fetchpriority=\"high\" decoding=\"async\" width=\"1024\" height=\"403\" src=\"https:\/\/www.rexumea.com\/wp-content\/uploads\/2019\/11\/6fd3bd3123a0893c6443042ac5ae28-1024x403.jpg\" class=\"attachment-large size-large wp-image-851\" alt=\"\" srcset=\"https:\/\/www.rexumea.com\/wp-content\/uploads\/2019\/11\/6fd3bd3123a0893c6443042ac5ae28-1024x403.jpg 1024w, https:\/\/www.rexumea.com\/wp-content\/uploads\/2019\/11\/6fd3bd3123a0893c6443042ac5ae28-300x118.jpg 300w, https:\/\/www.rexumea.com\/wp-content\/uploads\/2019\/11\/6fd3bd3123a0893c6443042ac5ae28-768x302.jpg 768w, https:\/\/www.rexumea.com\/wp-content\/uploads\/2019\/11\/6fd3bd3123a0893c6443042ac5ae28.jpg 1270w\" sizes=\"(max-width: 1024px) 100vw, 1024px\" \/>\t\t\t\t\t\t\t\t\t\t\t\t\t<\/div>\n\t\t\t\t<\/div>\n\t\t\t\t<section class=\"elementor-section elementor-inner-section elementor-element elementor-element-8042be1 elementor-section-boxed elementor-section-height-default elementor-section-height-default\" data-id=\"8042be1\" data-element_type=\"section\">\n\t\t\t\t\t\t<div class=\"elementor-container elementor-column-gap-default\">\n\t\t\t\t\t<div class=\"elementor-column elementor-col-33 elementor-inner-column elementor-element elementor-element-07dbbb7\" data-id=\"07dbbb7\" data-element_type=\"column\">\n\t\t\t<div class=\"elementor-widget-wrap elementor-element-populated\">\n\t\t\t\t\t\t<div class=\"elementor-element elementor-element-545941a elementor-widget elementor-widget-image\" data-id=\"545941a\" data-element_type=\"widget\" data-widget_type=\"image.default\">\n\t\t\t\t<div class=\"elementor-widget-container\">\n\t\t\t\t\t\t\t\t\t\t\t\t\t<img decoding=\"async\" width=\"118\" height=\"17\" src=\"https:\/\/www.rexumea.com\/wp-content\/uploads\/2019\/10\/deco-border-top-black.svg\" class=\"attachment-medium size-medium wp-image-220\" alt=\"\" \/>\t\t\t\t\t\t\t\t\t\t\t\t\t<\/div>\n\t\t\t\t<\/div>\n\t\t\t\t<div class=\"elementor-element elementor-element-d0a0c10 elementor-nav-menu__align-center elementor-nav-menu--dropdown-none elementor-widget elementor-widget-nav-menu\" data-id=\"d0a0c10\" data-element_type=\"widget\" data-settings=\"{&quot;layout&quot;:&quot;vertical&quot;,&quot;submenu_icon&quot;:{&quot;value&quot;:&quot;&lt;i class=\\&quot;\\&quot;&gt;&lt;\\\/i&gt;&quot;,&quot;library&quot;:&quot;&quot;}}\" data-widget_type=\"nav-menu.default\">\n\t\t\t\t<div class=\"elementor-widget-container\">\n\t\t\t\t\t\t<nav migration_allowed=\"1\" migrated=\"0\" role=\"navigation\" class=\"elementor-nav-menu--main elementor-nav-menu__container elementor-nav-menu--layout-vertical e--pointer-underline e--animation-fade\">\n\t\t\t\t<ul id=\"menu-1-d0a0c10\" class=\"elementor-nav-menu sm-vertical\"><li class=\"menu-item menu-item-type-post_type menu-item-object-page menu-item-836\"><a href=\"https:\/\/www.rexumea.com\/en\/eng-version-welcome-to-rex\/eng-version-rex-brasserie\/\" class=\"elementor-item menu-link\">Rex Brasserie<\/a><\/li>\n<li class=\"menu-item menu-item-type-post_type menu-item-object-page menu-item-837\"><a href=\"https:\/\/www.rexumea.com\/en\/eng-version-welcome-to-rex\/eng-version-juliette\/\" class=\"elementor-item menu-link\">Juliette<\/a><\/li>\n<li class=\"menu-item menu-item-type-post_type menu-item-object-page menu-item-838\"><a href=\"https:\/\/www.rexumea.com\/en\/eng-version-welcome-to-rex\/eng-version-radhuskallaren\/\" class=\"elementor-item menu-link\">The Town Hall Cellar<\/a><\/li>\n<li class=\"menu-item menu-item-type-post_type menu-item-object-page menu-item-839\"><a href=\"https:\/\/www.rexumea.com\/en\/eng-version-welcome-to-rex\/eng-version-night-club\/\" class=\"elementor-item menu-link\">Night Club<\/a><\/li>\n<li class=\"menu-item menu-item-type-post_type menu-item-object-page menu-item-840\"><a href=\"https:\/\/www.rexumea.com\/en\/eng-version-welcome-to-rex\/eng-version-conference-center\/\" class=\"elementor-item menu-link\">Conference Center<\/a><\/li>\n<\/ul>\t\t\t<\/nav>\n\t\t\t\t\t<div class=\"elementor-menu-toggle\" role=\"button\" tabindex=\"0\" aria-label=\"Menu Toggle\" aria-expanded=\"false\">\n\t\t\t<i aria-hidden=\"true\" role=\"presentation\" class=\"elementor-menu-toggle__icon--open eicon-menu-bar\"><\/i><i aria-hidden=\"true\" role=\"presentation\" class=\"elementor-menu-toggle__icon--close eicon-close\"><\/i>\t\t\t<span class=\"elementor-screen-only\">Menu<\/span>\n\t\t<\/div>\n\t\t\t<nav class=\"elementor-nav-menu--dropdown elementor-nav-menu__container\" role=\"navigation\" aria-hidden=\"true\">\n\t\t\t\t<ul id=\"menu-2-d0a0c10\" class=\"elementor-nav-menu sm-vertical\"><li class=\"menu-item menu-item-type-post_type menu-item-object-page menu-item-836\"><a href=\"https:\/\/www.rexumea.com\/en\/eng-version-welcome-to-rex\/eng-version-rex-brasserie\/\" class=\"elementor-item menu-link\" tabindex=\"-1\">Rex Brasserie<\/a><\/li>\n<li class=\"menu-item menu-item-type-post_type menu-item-object-page menu-item-837\"><a href=\"https:\/\/www.rexumea.com\/en\/eng-version-welcome-to-rex\/eng-version-juliette\/\" class=\"elementor-item menu-link\" tabindex=\"-1\">Juliette<\/a><\/li>\n<li class=\"menu-item menu-item-type-post_type menu-item-object-page menu-item-838\"><a href=\"https:\/\/www.rexumea.com\/en\/eng-version-welcome-to-rex\/eng-version-radhuskallaren\/\" class=\"elementor-item menu-link\" tabindex=\"-1\">The Town Hall Cellar<\/a><\/li>\n<li class=\"menu-item menu-item-type-post_type menu-item-object-page menu-item-839\"><a href=\"https:\/\/www.rexumea.com\/en\/eng-version-welcome-to-rex\/eng-version-night-club\/\" class=\"elementor-item menu-link\" tabindex=\"-1\">Night Club<\/a><\/li>\n<li class=\"menu-item menu-item-type-post_type menu-item-object-page menu-item-840\"><a href=\"https:\/\/www.rexumea.com\/en\/eng-version-welcome-to-rex\/eng-version-conference-center\/\" class=\"elementor-item menu-link\" tabindex=\"-1\">Conference Center<\/a><\/li>\n<\/ul>\t\t\t<\/nav>\n\t\t\t\t<\/div>\n\t\t\t\t<\/div>\n\t\t\t\t<div class=\"elementor-element elementor-element-4588358 elementor-widget elementor-widget-image\" data-id=\"4588358\" data-element_type=\"widget\" data-widget_type=\"image.default\">\n\t\t\t\t<div class=\"elementor-widget-container\">\n\t\t\t\t\t\t\t\t\t\t\t\t\t<img decoding=\"async\" width=\"118\" height=\"17\" src=\"https:\/\/www.rexumea.com\/wp-content\/uploads\/2019\/10\/deco-border-bottom-black.svg\" class=\"attachment-medium size-medium wp-image-221\" alt=\"\" \/>\t\t\t\t\t\t\t\t\t\t\t\t\t<\/div>\n\t\t\t\t<\/div>\n\t\t\t\t\t<\/div>\n\t\t<\/div>\n\t\t\t\t<div class=\"elementor-column elementor-col-33 elementor-inner-column elementor-element elementor-element-4e291db\" data-id=\"4e291db\" data-element_type=\"column\">\n\t\t\t<div class=\"elementor-widget-wrap elementor-element-populated\">\n\t\t\t\t\t\t<div class=\"elementor-element elementor-element-ba86276 elementor-widget elementor-widget-heading\" data-id=\"ba86276\" data-element_type=\"widget\" data-widget_type=\"heading.default\">\n\t\t\t\t<div class=\"elementor-widget-container\">\n\t\t\t<h1 class=\"elementor-heading-title elementor-size-default\">ABOUT THE TOWN HALL CELLAR\n<\/h1>\t\t<\/div>\n\t\t\t\t<\/div>\n\t\t\t\t<div class=\"elementor-element elementor-element-eca9863 elementor-widget elementor-widget-text-editor\" data-id=\"eca9863\" data-element_type=\"widget\" data-widget_type=\"text-editor.default\">\n\t\t\t\t<div class=\"elementor-widget-container\">\n\t\t\t\t\t\t\t<p class=\"ingress\">In the basement of our old town hall, you'll find the pub R\u00e5dhusk\u00e4llaren. The pub offers street food and has an extremely wide range of craft beer. R\u00e5dhusk\u00e4llaren has both become famous among beerlovers and awarded with the national price White Guides title of \"This years beer-experience\" year 2016.<\/p>\t\t\t\t\t\t<\/div>\n\t\t\t\t<\/div>\n\t\t\t\t\t<\/div>\n\t\t<\/div>\n\t\t\t\t<div class=\"elementor-column elementor-col-33 elementor-inner-column elementor-element elementor-element-b7bb7d0\" data-id=\"b7bb7d0\" data-element_type=\"column\">\n\t\t\t<div class=\"elementor-widget-wrap\">\n\t\t\t\t\t\t\t<\/div>\n\t\t<\/div>\n\t\t\t\t\t<\/div>\n\t\t<\/section>\n\t\t\t\t\t<\/div>\n\t\t<\/div>\n\t\t\t\t\t<\/div>\n\t\t<\/section>\n\t\t\t\t<\/div>","protected":false},"excerpt":{"rendered":"<p>ABOUT R\u00c5DHUSK\u00c4LLAREN In the basement of our old town hall, you'll find the pub R\u00e5dhusk\u00e4llaren. The pub offers street food and has an extremely wide range of craft beer. R\u00e5dhusk\u00e4llaren has both become famous among beerlovers and awarded with the national price White Guides title of \"This years beer-experience\" year 2016.<\/p>","protected":false},"author":5,"featured_media":0,"parent":823,"menu_order":0,"comment_status":"closed","ping_status":"closed","template":"","meta":{"site-sidebar-layout":"no-sidebar","site-content-layout":"page-builder","ast-global-header-display":"","ast-main-header-display":"","ast-hfb-above-header-display":"","ast-hfb-below-header-display":"","ast-hfb-mobile-header-display":"","site-post-title":"disabled","ast-breadcrumbs-content":"","ast-featured-img":"disabled","footer-sml-layout":"","theme-transparent-header-meta":"default","adv-header-id-meta":"","stick-header-meta":"","header-above-stick-meta":"","header-main-stick-meta":"","header-below-stick-meta":"","footnotes":""},"class_list":["post-829","page","type-page","status-publish","hentry"],"yoast_head":"<!-- This site is optimized with the Yoast SEO plugin v23.3 - https:\/\/yoast.com\/wordpress\/plugins\/seo\/ -->\n<title>ENG version: R\u00e5dhusk\u00e4llaren - Rex<\/title>\n<meta name=\"robots\" content=\"index, follow, max-snippet:-1, max-image-preview:large, max-video-preview:-1\" \/>\n<link rel=\"canonical\" href=\"https:\/\/www.rexumea.com\/en\/eng-version-welcome-to-rex\/eng-version-radhuskallaren\/\" \/>\n<meta property=\"og:locale\" content=\"en_GB\" \/>\n<meta property=\"og:type\" content=\"article\" \/>\n<meta property=\"og:title\" content=\"ENG version: R\u00e5dhusk\u00e4llaren - Rex\" \/>\n<meta property=\"og:description\" content=\"ABOUT R\u00c5DHUSK\u00c4LLAREN In the basement of our old town hall, you\u2019ll find the pub R\u00e5dhusk\u00e4llaren. The pub offers street food and has en extremely wide range of craft beer. R\u00e5dhusk\u00e4llaren has both become famous among beerlovers and awarded with the national price White Guides title of \u201dThis years beer-experience\u201d year 2016.\" \/>\n<meta property=\"og:url\" content=\"https:\/\/www.rexumea.com\/en\/eng-version-welcome-to-rex\/eng-version-radhuskallaren\/\" \/>\n<meta property=\"og:site_name\" content=\"Rex\" \/>\n<meta property=\"article:modified_time\" content=\"2019-11-04T19:13:30+00:00\" \/>\n<meta property=\"og:image\" content=\"https:\/\/www.rexumea.com\/wp-content\/uploads\/2019\/11\/6fd3bd3123a0893c6443042ac5ae28-1024x403.jpg\" \/>\n<meta name=\"twitter:card\" content=\"summary_large_image\" \/>\n<script type=\"application\/ld+json\" class=\"yoast-schema-graph\">{\"@context\":\"https:\/\/schema.org\",\"@graph\":[{\"@type\":\"WebPage\",\"@id\":\"https:\/\/www.rexumea.com\/eng-version-welcome-to-rex\/eng-version-radhuskallaren\/\",\"url\":\"https:\/\/www.rexumea.com\/eng-version-welcome-to-rex\/eng-version-radhuskallaren\/\",\"name\":\"ENG version: R\u00e5dhusk\u00e4llaren - Rex\",\"isPartOf\":{\"@id\":\"https:\/\/www.rexumea.com\/#website\"},\"primaryImageOfPage\":{\"@id\":\"https:\/\/www.rexumea.com\/eng-version-welcome-to-rex\/eng-version-radhuskallaren\/#primaryimage\"},\"image\":{\"@id\":\"https:\/\/www.rexumea.com\/eng-version-welcome-to-rex\/eng-version-radhuskallaren\/#primaryimage\"},\"thumbnailUrl\":\"https:\/\/www.rexumea.com\/wp-content\/uploads\/2019\/11\/6fd3bd3123a0893c6443042ac5ae28-1024x403.jpg\",\"datePublished\":\"2019-11-04T19:02:43+00:00\",\"dateModified\":\"2019-11-04T19:13:30+00:00\",\"breadcrumb\":{\"@id\":\"https:\/\/www.rexumea.com\/eng-version-welcome-to-rex\/eng-version-radhuskallaren\/#breadcrumb\"},\"inLanguage\":\"en-GB\",\"potentialAction\":[{\"@type\":\"ReadAction\",\"target\":[\"https:\/\/www.rexumea.com\/eng-version-welcome-to-rex\/eng-version-radhuskallaren\/\"]}]},{\"@type\":\"ImageObject\",\"inLanguage\":\"en-GB\",\"@id\":\"https:\/\/www.rexumea.com\/eng-version-welcome-to-rex\/eng-version-radhuskallaren\/#primaryimage\",\"url\":\"https:\/\/www.rexumea.com\/wp-content\/uploads\/2019\/11\/6fd3bd3123a0893c6443042ac5ae28-1024x403.jpg\",\"contentUrl\":\"https:\/\/www.rexumea.com\/wp-content\/uploads\/2019\/11\/6fd3bd3123a0893c6443042ac5ae28-1024x403.jpg\"},{\"@type\":\"BreadcrumbList\",\"@id\":\"https:\/\/www.rexumea.com\/eng-version-welcome-to-rex\/eng-version-radhuskallaren\/#breadcrumb\",\"itemListElement\":[{\"@type\":\"ListItem\",\"position\":1,\"name\":\"Hem\",\"item\":\"https:\/\/www.rexumea.com\/\"},{\"@type\":\"ListItem\",\"position\":2,\"name\":\"ENG version: Welcome to Rex\",\"item\":\"https:\/\/www.rexumea.com\/eng-version-welcome-to-rex\/\"},{\"@type\":\"ListItem\",\"position\":3,\"name\":\"ENG version: R\u00e5dhusk\u00e4llaren\"}]},{\"@type\":\"WebSite\",\"@id\":\"https:\/\/www.rexumea.com\/#website\",\"url\":\"https:\/\/www.rexumea.com\/\",\"name\":\"Rex\",\"description\":\"R\u00e5dhuset i Ume\u00e5\",\"publisher\":{\"@id\":\"https:\/\/www.rexumea.com\/#organization\"},\"potentialAction\":[{\"@type\":\"SearchAction\",\"target\":{\"@type\":\"EntryPoint\",\"urlTemplate\":\"https:\/\/www.rexumea.com\/?s={search_term_string}\"},\"query-input\":\"required name=search_term_string\"}],\"inLanguage\":\"en-GB\"},{\"@type\":\"Organization\",\"@id\":\"https:\/\/www.rexumea.com\/#organization\",\"name\":\"Rex\",\"url\":\"https:\/\/www.rexumea.com\/\",\"logo\":{\"@type\":\"ImageObject\",\"inLanguage\":\"en-GB\",\"@id\":\"https:\/\/www.rexumea.com\/#\/schema\/logo\/image\/\",\"url\":\"https:\/\/www.rexumea.com\/wp-content\/uploads\/2019\/10\/Rex-guld_2015-1.svg\",\"contentUrl\":\"https:\/\/www.rexumea.com\/wp-content\/uploads\/2019\/10\/Rex-guld_2015-1.svg\",\"width\":144.6,\"height\":98.58,\"caption\":\"Rex\"},\"image\":{\"@id\":\"https:\/\/www.rexumea.com\/#\/schema\/logo\/image\/\"}}]}<\/script>\n<!-- \/ Yoast SEO plugin. -->","yoast_head_json":{"title":"ENG version: R\u00e5dhusk\u00e4llaren - Rex","robots":{"index":"index","follow":"follow","max-snippet":"max-snippet:-1","max-image-preview":"max-image-preview:large","max-video-preview":"max-video-preview:-1"},"canonical":"https:\/\/www.rexumea.com\/en\/eng-version-welcome-to-rex\/eng-version-radhuskallaren\/","og_locale":"en_GB","og_type":"article","og_title":"ENG version: R\u00e5dhusk\u00e4llaren - Rex","og_description":"ABOUT R\u00c5DHUSK\u00c4LLAREN In the basement of our old town hall, you\u2019ll find the pub R\u00e5dhusk\u00e4llaren. The pub offers street food and has en extremely wide range of craft beer. R\u00e5dhusk\u00e4llaren has both become famous among beerlovers and awarded with the national price White Guides title of \u201dThis years beer-experience\u201d year 2016.","og_url":"https:\/\/www.rexumea.com\/en\/eng-version-welcome-to-rex\/eng-version-radhuskallaren\/","og_site_name":"Rex","article_modified_time":"2019-11-04T19:13:30+00:00","og_image":[{"url":"https:\/\/www.rexumea.com\/wp-content\/uploads\/2019\/11\/6fd3bd3123a0893c6443042ac5ae28-1024x403.jpg"}],"twitter_card":"summary_large_image","schema":{"@context":"https:\/\/schema.org","@graph":[{"@type":"WebPage","@id":"https:\/\/www.rexumea.com\/eng-version-welcome-to-rex\/eng-version-radhuskallaren\/","url":"https:\/\/www.rexumea.com\/eng-version-welcome-to-rex\/eng-version-radhuskallaren\/","name":"ENG version: R\u00e5dhusk\u00e4llaren - Rex","isPartOf":{"@id":"https:\/\/www.rexumea.com\/#website"},"primaryImageOfPage":{"@id":"https:\/\/www.rexumea.com\/eng-version-welcome-to-rex\/eng-version-radhuskallaren\/#primaryimage"},"image":{"@id":"https:\/\/www.rexumea.com\/eng-version-welcome-to-rex\/eng-version-radhuskallaren\/#primaryimage"},"thumbnailUrl":"https:\/\/www.rexumea.com\/wp-content\/uploads\/2019\/11\/6fd3bd3123a0893c6443042ac5ae28-1024x403.jpg","datePublished":"2019-11-04T19:02:43+00:00","dateModified":"2019-11-04T19:13:30+00:00","breadcrumb":{"@id":"https:\/\/www.rexumea.com\/eng-version-welcome-to-rex\/eng-version-radhuskallaren\/#breadcrumb"},"inLanguage":"en-GB","potentialAction":[{"@type":"ReadAction","target":["https:\/\/www.rexumea.com\/eng-version-welcome-to-rex\/eng-version-radhuskallaren\/"]}]},{"@type":"ImageObject","inLanguage":"en-GB","@id":"https:\/\/www.rexumea.com\/eng-version-welcome-to-rex\/eng-version-radhuskallaren\/#primaryimage","url":"https:\/\/www.rexumea.com\/wp-content\/uploads\/2019\/11\/6fd3bd3123a0893c6443042ac5ae28-1024x403.jpg","contentUrl":"https:\/\/www.rexumea.com\/wp-content\/uploads\/2019\/11\/6fd3bd3123a0893c6443042ac5ae28-1024x403.jpg"},{"@type":"BreadcrumbList","@id":"https:\/\/www.rexumea.com\/eng-version-welcome-to-rex\/eng-version-radhuskallaren\/#breadcrumb","itemListElement":[{"@type":"ListItem","position":1,"name":"Hem","item":"https:\/\/www.rexumea.com\/"},{"@type":"ListItem","position":2,"name":"ENG version: Welcome to Rex","item":"https:\/\/www.rexumea.com\/eng-version-welcome-to-rex\/"},{"@type":"ListItem","position":3,"name":"ENG version: R\u00e5dhusk\u00e4llaren"}]},{"@type":"WebSite","@id":"https:\/\/www.rexumea.com\/#website","url":"https:\/\/www.rexumea.com\/","name":"Rex","description":"R\u00e5dhuset i Ume\u00e5","publisher":{"@id":"https:\/\/www.rexumea.com\/#organization"},"potentialAction":[{"@type":"SearchAction","target":{"@type":"EntryPoint","urlTemplate":"https:\/\/www.rexumea.com\/?s={search_term_string}"},"query-input":"required name=search_term_string"}],"inLanguage":"en-GB"},{"@type":"Organization","@id":"https:\/\/www.rexumea.com\/#organization","name":"Rex","url":"https:\/\/www.rexumea.com\/","logo":{"@type":"ImageObject","inLanguage":"en-GB","@id":"https:\/\/www.rexumea.com\/#\/schema\/logo\/image\/","url":"https:\/\/www.rexumea.com\/wp-content\/uploads\/2019\/10\/Rex-guld_2015-1.svg","contentUrl":"https:\/\/www.rexumea.com\/wp-content\/uploads\/2019\/10\/Rex-guld_2015-1.svg","width":144.6,"height":98.58,"caption":"Rex"},"image":{"@id":"https:\/\/www.rexumea.com\/#\/schema\/logo\/image\/"}}]}},"_links":{"self":[{"href":"https:\/\/www.rexumea.com\/en\/wp-json\/wp\/v2\/pages\/829"}],"collection":[{"href":"https:\/\/www.rexumea.com\/en\/wp-json\/wp\/v2\/pages"}],"about":[{"href":"https:\/\/www.rexumea.com\/en\/wp-json\/wp\/v2\/types\/page"}],"author":[{"embeddable":true,"href":"https:\/\/www.rexumea.com\/en\/wp-json\/wp\/v2\/users\/5"}],"replies":[{"embeddable":true,"href":"https:\/\/www.rexumea.com\/en\/wp-json\/wp\/v2\/comments?post=829"}],"version-history":[{"count":2,"href":"https:\/\/www.rexumea.com\/en\/wp-json\/wp\/v2\/pages\/829\/revisions"}],"predecessor-version":[{"id":852,"href":"https:\/\/www.rexumea.com\/en\/wp-json\/wp\/v2\/pages\/829\/revisions\/852"}],"up":[{"embeddable":true,"href":"https:\/\/www.rexumea.com\/en\/wp-json\/wp\/v2\/pages\/823"}],"wp:attachment":[{"href":"https:\/\/www.rexumea.com\/en\/wp-json\/wp\/v2\/media?parent=829"}],"curies":[{"name":"wp","href":"https:\/\/api.w.org\/{rel}","templated":true}]}}